{"id":764,"date":"2017-09-29T08:17:15","date_gmt":"2017-09-29T08:17:15","guid":{"rendered":"https:\/\/www.eea4edu.ro\/esti-eligibila\/"},"modified":"2017-10-03T10:16:35","modified_gmt":"2017-10-03T10:16:35","slug":"are-you-eligible","status":"publish","type":"page","link":"https:\/\/www.eea4edu.ro\/en\/are-you-eligible\/","title":{"rendered":"ARE YOU ELIGIBLE?"},"content":{"rendered":"<p>[et_pb_section bb_built=&#8221;1&#8243; _builder_version=&#8221;3.0.76&#8243; background_image=&#8221;https:\/\/www.eea4edu.ro\/wp-content\/uploads\/2017\/09\/shutterstock_387274861.jpg&#8221; custom_padding=&#8221;240px||80px|&#8221;][et_pb_row _builder_version=&#8221;3.0.76&#8243; custom_padding=&#8221;0px|0px|0px|0px&#8221;][et_pb_column type=&#8221;4_4&#8243;][et_pb_post_title _builder_version=&#8221;3.0.75&#8243; title=&#8221;on&#8221; meta=&#8221;off&#8221; author=&#8221;on&#8221; date=&#8221;on&#8221; categories=&#8221;on&#8221; comments=&#8221;on&#8221; featured_image=&#8221;off&#8221; featured_placement=&#8221;below&#8221; text_color=&#8221;light&#8221; text_background=&#8221;off&#8221; title_font=&#8221;|on||on|&#8221; title_text_align=&#8221;left&#8221; title_font_size=&#8221;38px&#8221; title_line_height=&#8221;1.4em&#8221; border_style=&#8221;solid&#8221; title_letter_spacing=&#8221;1px&#8221; \/][\/et_pb_column][\/et_pb_row][\/et_pb_section][et_pb_section bb_built=&#8221;1&#8243; fullwidth=&#8221;off&#8221; specialty=&#8221;off&#8221; _builder_version=&#8221;3.0.75&#8243; custom_padding=&#8221;0px|0px|0px|0px&#8221;][et_pb_row _builder_version=&#8221;3.0.75&#8243; bg_img_1=&#8221;https:\/\/www.eea4edu.ro\/wp-content\/uploads\/2017\/09\/shutterstock_334693031.jpg&#8221; bg_img_2=&#8221;https:\/\/www.eea4edu.ro\/wp-content\/uploads\/2017\/09\/shutterstock_425341825.jpg&#8221; make_fullwidth=&#8221;on&#8221; use_custom_gutter=&#8221;on&#8221; gutter_width=&#8221;1&#8243; make_equal=&#8221;on&#8221; padding_top_1=&#8221;150px&#8221; padding_bottom_1=&#8221;150px&#8221; padding_top_2=&#8221;150px&#8221; padding_bottom_2=&#8221;150px&#8221; custom_padding=&#8221;0px||0px|&#8221;][et_pb_column type=&#8221;1_2&#8243;][et_pb_text _builder_version=&#8221;3.0.75&#8243; background_layout=&#8221;light&#8221; header_text_color=&#8221;#ffffff&#8221; border_style=&#8221;solid&#8221; header_font=&#8221;|on||on|&#8221; header_letter_spacing=&#8221;1px&#8221; module_alignment=&#8221;center&#8221; text_orientation=&#8221;center&#8221; header_text_align=&#8221;center&#8221; custom_margin=&#8221;||10px|&#8221;]<\/p>\n<h1>Cine poate candida<\/h1>\n<p>[\/et_pb_text][et_pb_button _builder_version=&#8221;3.0.75&#8243; button_text=&#8221;Detalii&#8221; button_url=&#8221;#&#8221; url_new_window=&#8221;off&#8221; button_alignment=&#8221;center&#8221; background_layout=&#8221;light&#8221; custom_button=&#8221;on&#8221; button_bg_color=&#8221;#ffffff&#8221; button_border_color=&#8221;#ffffff&#8221; button_letter_spacing=&#8221;2px&#8221; button_use_icon=&#8221;off&#8221; button_icon_placement=&#8221;right&#8221; button_on_hover=&#8221;off&#8221; button_text_color_hover=&#8221;#430098&#8243; button_bg_color_hover=&#8221;#ffffff&#8221; button_border_color_hover=&#8221;#ffffff&#8221; button_letter_spacing_hover=&#8221;2px&#8221; button_text_color=&#8221;#430098&#8243; button_text_size=&#8221;16px&#8221; button_font=&#8221;|on||on|&#8221; \/][\/et_pb_column][et_pb_column type=&#8221;1_2&#8243;][et_pb_text _builder_version=&#8221;3.0.75&#8243; background_layout=&#8221;light&#8221; header_text_color=&#8221;#ffffff&#8221; border_style=&#8221;solid&#8221; header_font=&#8221;|on||on|&#8221; header_letter_spacing=&#8221;1px&#8221; module_alignment=&#8221;center&#8221; text_orientation=&#8221;center&#8221; header_text_align=&#8221;center&#8221; custom_margin=&#8221;||10px|&#8221;]<\/p>\n<h1>Rezultatele selec\u0163iei<\/h1>\n<p>[\/et_pb_text][et_pb_button _builder_version=&#8221;3.0.75&#8243; button_text=&#8221;Detalii&#8221; button_url=&#8221;#&#8221; url_new_window=&#8221;off&#8221; button_alignment=&#8221;center&#8221; background_layout=&#8221;light&#8221; custom_button=&#8221;on&#8221; button_bg_color=&#8221;#ffffff&#8221; button_border_color=&#8221;#ffffff&#8221; button_letter_spacing=&#8221;2px&#8221; button_use_icon=&#8221;off&#8221; button_icon_placement=&#8221;right&#8221; button_on_hover=&#8221;off&#8221; button_text_color_hover=&#8221;#f7323f&#8221; button_bg_color_hover=&#8221;#ffffff&#8221; button_border_color_hover=&#8221;#ffffff&#8221; button_letter_spacing_hover=&#8221;2px&#8221; button_text_color=&#8221;#f7323f&#8221; button_text_size=&#8221;16px&#8221; button_font=&#8221;|on||on|&#8221; \/][\/et_pb_column][\/et_pb_row][\/et_pb_section][et_pb_section bb_built=&#8221;1&#8243; background_color=&#8221;#efefef&#8221; _builder_version=&#8221;3.0.77&#8243; background_image=&#8221;https:\/\/www.eea4edu.ro\/wp-content\/uploads\/2017\/09\/Rectangle-7-copy.jpg&#8221; custom_padding=&#8221;135px||135px|&#8221; global_module=&#8221;1017&#8243;][et_pb_row global_parent=&#8221;1017&#8243; custom_padding=&#8221;0px|0px|0px|0px&#8221; _builder_version=&#8221;3.0.75&#8243;][et_pb_column type=&#8221;4_4&#8243;][et_pb_text global_parent=&#8221;1017&#8243; _builder_version=&#8221;3.0.75&#8243; header_font=&#8221;|on||on|&#8221; header_text_color=&#8221;#420098&#8243; header_letter_spacing=&#8221;1px&#8221; text_orientation=&#8221;center&#8221; module_alignment=&#8221;center&#8221; custom_margin=&#8221;||5px|&#8221;]<\/p>\n<h1>conecteaz\u0103-te cu noi!<\/h1>\n<p>[\/et_pb_text][et_pb_text global_parent=&#8221;1017&#8243; _builder_version=&#8221;3.0.75&#8243; text_font=&#8221;Ubuntu||||&#8221; text_font_size=&#8221;18px&#8221; text_text_color=&#8221;#430098&#8243; text_line_height=&#8221;2.2em&#8221; text_orientation=&#8221;center&#8221; module_alignment=&#8221;center&#8221;]<\/p>\n<p>Mai mult\u0103 informa\u0163ie, mai mult\u0103 inspira\u0163ie<\/p>\n<p>[\/et_pb_text][et_pb_button global_parent=&#8221;1017&#8243; button_url=&#8221;https:\/\/www.facebook.com\/EEA.Grants.Romania\/&#8221; button_text=&#8221;FACEBOOK&#8221; button_alignment=&#8221;center&#8221; background_layout=&#8221;dark&#8221; _builder_version=&#8221;3.0.77&#8243; custom_button=&#8221;on&#8221; button_text_color=&#8221;#ffffff&#8221; button_bg_color=&#8221;#420098&#8243; button_border_color=&#8221;#420098&#8243; button_letter_spacing=&#8221;1px&#8221; button_icon=&#8221;%%291%%&#8221; button_icon_color=&#8221;#ffffff&#8221; button_icon_placement=&#8221;left&#8221; button_on_hover=&#8221;off&#8221; button_text_color_hover=&#8221;#ffffff&#8221; button_bg_color_hover=&#8221;#ff6b00&#8243; button_border_color_hover=&#8221;#ff6b00&#8243; url_new_window=&#8221;off&#8221; button_letter_spacing_hover=&#8221;0&#8243; \/][\/et_pb_column][\/et_pb_row][\/et_pb_section][et_pb_section bb_built=&#8221;1&#8243; _builder_version=&#8221;3.0.77&#8243; custom_padding=&#8221;0px|0px|0px|0px&#8221; global_module=&#8221;1019&#8243;][et_pb_row global_parent=&#8221;1019&#8243; make_fullwidth=&#8221;on&#8221; use_custom_gutter=&#8221;on&#8221; gutter_width=&#8221;1&#8243; custom_padding=&#8221;0px|0px|0px|0px&#8221; make_equal=&#8221;on&#8221; _builder_version=&#8221;3.0.75&#8243;][et_pb_column type=&#8221;4_4&#8243;][et_pb_button global_parent=&#8221;1019&#8243; button_url=&#8221;#&#8221; button_text=&#8221;Contesta\u021bii \u0219i Nereguli &gt;&#8221; button_alignment=&#8221;center&#8221; background_layout=&#8221;dark&#8221; _builder_version=&#8221;3.0.75&#8243; custom_padding=&#8221;40px|1em|40px|1em&#8221; custom_button=&#8221;on&#8221; button_text_size=&#8221;22px&#8221; button_text_color=&#8221;#ffffff&#8221; button_bg_color=&#8221;#430098&#8243; button_border_width=&#8221;0&#8243; button_border_color=&#8221;#430098&#8243; button_border_radius=&#8221;0&#8243; button_font=&#8221;|on||on|&#8221; button_icon=&#8221;%%20%%&#8221; button_icon_color=&#8221;#ffffff&#8221; button_on_hover=&#8221;off&#8221; button_text_color_hover=&#8221;#ffffff&#8221; button_bg_color_hover=&#8221;#ff6b00&#8243; button_border_color_hover=&#8221;#ff6b00&#8243; button_border_radius_hover=&#8221;0&#8243; custom_css_main_element=&#8221; width: 100%;&#8221; \/][\/et_pb_column][\/et_pb_row][\/et_pb_section][et_pb_section bb_built=&#8221;1&#8243; _builder_version=&#8221;3.0.77&#8243; background_image=&#8221;https:\/\/www.eea4edu.ro\/wp-content\/uploads\/2017\/09\/shutterstock_514997182.jpg&#8221; custom_padding=&#8221;50px||80px|&#8221; global_module=&#8221;1020&#8243;][et_pb_row global_parent=&#8221;1020&#8243; _builder_version=&#8221;3.0.75&#8243; custom_padding=&#8221;0px|0px|0px|0px&#8221;][et_pb_column type=&#8221;1_2&#8243;][et_pb_text global_parent=&#8221;1020&#8243; _builder_version=&#8221;3.0.75&#8243; background_layout=&#8221;light&#8221; text_text_color=&#8221;#ffffff&#8221; header_text_align=&#8221;left&#8221; header_text_color=&#8221;#ffffff&#8221; border_style=&#8221;solid&#8221; text_font_size=&#8221;18px&#8221; header_font=&#8221;|on||on|&#8221; header_font_size=&#8221;28px&#8221;]<\/p>\n<h1>Contacte<\/h1>\n<p>ANPCDEFP, Splaiul Independen\u021bei, nr. 313,<br \/>Biblioteca Central\u0103 a Universit\u0103\u021bii &#8220;Politehnica&#8221; Bucure\u0219ti,<br \/>etajul 1, Sector 6, 060042, Bucure\u0219ti, Rom\u00e2nia<br \/>(+4) 021.201.07.43<\/p>\n<p>[\/et_pb_text][\/et_pb_column][et_pb_column type=&#8221;1_4&#8243;][\/et_pb_column][et_pb_column type=&#8221;1_4&#8243;][et_pb_text global_parent=&#8221;1020&#8243; _builder_version=&#8221;3.0.75&#8243; background_layout=&#8221;light&#8221; text_orientation=&#8221;right&#8221; header_text_align=&#8221;right&#8221; border_style=&#8221;solid&#8221; custom_css_main_element=&#8221;font-weight:500;&#8221; text_font=&#8221;|||on|&#8221; module_alignment=&#8221;right&#8221; module_class=&#8221;footer_links&#8221;]<\/p>\n<p><a href=\"http:\/\/www.anpcdefp.ro\" target=\"_blank\" rel=\"noopener\">www.anpcdefp.ro<\/a><br \/><a href=\"http:\/\/www.eeagrants.ro\" target=\"_blank\" rel=\"noopener\">www.eeagrants.ro<\/a><br \/><a href=\"http:\/\/www.eeagrants.org\" target=\"_blank\" rel=\"noopener\">www.eeagrants.org<\/a><\/p>\n<p>[\/et_pb_text][\/et_pb_column][\/et_pb_row][et_pb_row global_parent=&#8221;1020&#8243; _builder_version=&#8221;3.0.75&#8243; custom_padding=&#8221;0px|0px|0px|0px&#8221;][et_pb_column type=&#8221;4_4&#8243;][et_pb_divider global_parent=&#8221;1020&#8243; _builder_version=&#8221;3.0.75&#8243; show_divider=&#8221;on&#8221; color=&#8221;rgba(255,255,255,0.6)&#8221; divider_style=&#8221;solid&#8221; divider_position=&#8221;top&#8221; divider_weight=&#8221;2&#8243; height=&#8221;2px&#8221; custom_padding=&#8221;40px||40px|&#8221; custom_margin=&#8221;||0px|&#8221; \/][et_pb_text global_parent=&#8221;1020&#8243; _builder_version=&#8221;3.0.75&#8243; background_layout=&#8221;dark&#8221; border_style=&#8221;solid&#8221;]<\/p>\n<p>Materialele scrise, audio \u0219i video, inclusiv fotografiile de pe site-ul eea4edu.ro nu reprezint\u0103 pozi\u0163ia Punctului Na\u0163ional de Contact (Ministerul Fondurilor Europene) sau a Biroului Mecanismului Financiar al Granturilor SEE. Institu\u0163iile men\u0163ionate anterior nu pot fi f\u0103cute responsabile pentru utilizarea acestora. Orice preluare a materialelor scrise, audio \u0219i video, inclusiv a fotografiilor, se va face cu indicarea sursei: EEA4EDU.RO<\/p>\n<p>[\/et_pb_text][\/et_pb_column][\/et_pb_row][\/et_pb_section]<\/p>\n","protected":false},"excerpt":{"rendered":"<p>Cine poate candida Rezultatele selec\u0163iei conecteaz\u0103-te cu noi! Mai mult\u0103 informa\u0163ie, mai mult\u0103 inspira\u0163ie Contacte ANPCDEFP, Splaiul Independen\u021bei, nr. 313,Biblioteca Central\u0103 a Universit\u0103\u021bii &#8220;Politehnica&#8221; Bucure\u0219ti,etajul 1, Sector 6, 060042, Bucure\u0219ti, Rom\u00e2nia(+4) 021.201.07.43 www.anpcdefp.rowww.eeagrants.rowww.eeagrants.org Materialele scrise, audio \u0219i video, inclusiv fotografiile de pe site-ul eea4edu.ro nu reprezint\u0103 pozi\u0163ia Punctului Na\u0163ional de Contact (Ministerul Fondurilor Europene) sau [&hellip;]<\/p>\n","protected":false},"author":8,"featured_media":0,"parent":0,"menu_order":0,"comment_status":"closed","ping_status":"closed","template":"","meta":{"_seopress_robots_primary_cat":"","_seopress_titles_title":"","_seopress_titles_desc":"","_seopress_robots_index":"","_et_pb_use_builder":"on","_et_pb_old_content":"","_et_gb_content_width":"","footnotes":""},"class_list":["post-764","page","type-page","status-publish","hentry"],"_links":{"self":[{"href":"https:\/\/www.eea4edu.ro\/en\/wp-json\/wp\/v2\/pages\/764","targetHints":{"allow":["GET"]}}],"collection":[{"href":"https:\/\/www.eea4edu.ro\/en\/wp-json\/wp\/v2\/pages"}],"about":[{"href":"https:\/\/www.eea4edu.ro\/en\/wp-json\/wp\/v2\/types\/page"}],"author":[{"embeddable":true,"href":"https:\/\/www.eea4edu.ro\/en\/wp-json\/wp\/v2\/users\/8"}],"replies":[{"embeddable":true,"href":"https:\/\/www.eea4edu.ro\/en\/wp-json\/wp\/v2\/comments?post=764"}],"version-history":[{"count":5,"href":"https:\/\/www.eea4edu.ro\/en\/wp-json\/wp\/v2\/pages\/764\/revisions"}],"predecessor-version":[{"id":1670,"href":"https:\/\/www.eea4edu.ro\/en\/wp-json\/wp\/v2\/pages\/764\/revisions\/1670"}],"wp:attachment":[{"href":"https:\/\/www.eea4edu.ro\/en\/wp-json\/wp\/v2\/media?parent=764"}],"curies":[{"name":"wp","href":"https:\/\/api.w.org\/{rel}","templated":true}]}}