{"id":5714,"date":"2018-10-08T10:03:54","date_gmt":"2018-10-08T08:03:54","guid":{"rendered":"https:\/\/www.eea4edu.ro\/?page_id=5714"},"modified":"2018-10-08T16:25:21","modified_gmt":"2018-10-08T14:25:21","slug":"contracte_en_he_2017","status":"publish","type":"page","link":"https:\/\/www.eea4edu.ro\/en\/contracte_en_he_2017\/","title":{"rendered":"Contracts \u2013 HE 2017"},"content":{"rendered":"<p>[et_pb_section fb_built=&#8221;1&#8243; _builder_version=&#8221;3.0.47&#8243; custom_padding=&#8221;54px|0px|0px|0px&#8221;][et_pb_row custom_padding=&#8221;27px|0px|0px|0px&#8221; _builder_version=&#8221;3.0.47&#8243; background_size=&#8221;initial&#8221; background_position=&#8221;top_left&#8221; background_repeat=&#8221;repeat&#8221;][et_pb_column type=&#8221;4_4&#8243; _builder_version=&#8221;3.0.47&#8243; parallax=&#8221;off&#8221; parallax_method=&#8221;on&#8221;][et_pb_text admin_label=&#8221;Apel&#8221; _builder_version=&#8221;3.0.101&#8243; text_font_size=&#8221;12px&#8221;]<\/p>\n<h1 style=\"text-align: center;\">Contracting documents<\/h1>\n<h1 style=\"text-align: center;\">\u2013\u00a0 Higher Education 2018 \u2013<\/h1>\n<p>[\/et_pb_text][\/et_pb_column][\/et_pb_row][\/et_pb_section][et_pb_section fb_built=&#8221;1&#8243; _builder_version=&#8221;3.0.47&#8243; custom_padding=&#8221;19px|0px|0px|0px&#8221;][et_pb_row custom_padding=&#8221;27px|0px|0px|0px&#8221; _builder_version=&#8221;3.0.47&#8243; background_size=&#8221;initial&#8221; background_position=&#8221;top_left&#8221; background_repeat=&#8221;repeat&#8221;][et_pb_column type=&#8221;4_4&#8243; _builder_version=&#8221;3.0.47&#8243; parallax=&#8221;off&#8221; parallax_method=&#8221;on&#8221;][et_pb_text admin_label=&#8221;Runda&#8221; _builder_version=&#8221;3.15&#8243; header_font=&#8221;|||on|||||&#8221; background_color=&#8221;#606060&#8243; background_layout=&#8221;dark&#8221;]<strong>Mobility Projects<\/strong>[\/et_pb_text][et_pb_text admin_label=&#8221;Tabel&#8221; _builder_version=&#8221;3.16.1&#8243; border_color_all=&#8221;#aaaaaa&#8221; box_shadow_style=&#8221;preset1&#8243;]<\/p>\n<table id=\"tablepress-5\" class=\"tablepress tablepress-id-5\" style=\"width: 1080px;\" border=\"1\">\n<caption style=\"caption-side: bottom; text-align: left; border: none; background: none; margin: 0; padding: 0;\">\u00a0<\/caption>\n<thead>\n<tr class=\"row-1 odd\">\n<th class=\"column-1\" style=\"width: 110px;\">No.<\/th>\n<th class=\"column-2\" style=\"width: 173.569px; text-align: left;\">Document Language<\/th>\n<th class=\"column-3\" style=\"width: 388.431px; text-align: center;\">\u00a0Document<\/th>\n<th class=\"column-4\" style=\"width: 243px; text-align: center;\">Published by the Programme Operator on:<\/th>\n<\/tr>\n<\/thead>\n<tbody class=\"row-hover\">\n<tr class=\"row-2 even\">\n<td class=\"column-1\" style=\"width: 110px;\">1<\/td>\n<td class=\"column-2\" style=\"width: 173.569px;\">RO<\/td>\n<td class=\"column-3\" style=\"width: 388.431px;\"><a href=\"https:\/\/www.eea4edu.ro\/wp-content\/uploads\/2018\/10\/HEI_2017\/Contract_SEE_MOB_apel_2017_modificat_final.pdf\">Contract de finan\u021bare<\/a><\/td>\n<td class=\"column-4\" style=\"text-align: center; width: 243px;\">15.09.2018<\/td>\n<\/tr>\n<tr class=\"row-3 odd\">\n<td class=\"column-1\" style=\"width: 110px;\">2<\/td>\n<td class=\"column-2\" style=\"width: 173.569px;\">RO<\/td>\n<td class=\"column-3\" style=\"width: 388.431px;\"><a href=\"https:\/\/www.eea4edu.ro\/wp-content\/uploads\/2018\/10\/HEI_2017\/Anexa_II-_Bareme_aplicabile_SEE_2017.pdf\">Anexa II \u2013 Bareme aplicate<\/a><\/td>\n<td class=\"column-4\" style=\"text-align: center; width: 243px;\">15.09.2018<\/td>\n<\/tr>\n<tr class=\"row-4 even\">\n<td class=\"column-1\" style=\"width: 110px;\">3<\/td>\n<td class=\"column-2\" style=\"width: 173.569px;\">RO<\/td>\n<td class=\"column-3\" style=\"width: 388.431px;\"><a href=\"https:\/\/www.eea4edu.ro\/wp-content\/uploads\/2018\/10\/HEI_2017\/Anexa_III_Reguli_financiare_si_contractuale_SEE_2017.pdf\">Anexa III \u2013 Reguli financiare \u0219i contractuale<\/a><\/td>\n<td class=\"column-4\" style=\"text-align: center; width: 243px;\">15.09.2018<\/td>\n<\/tr>\n<tr class=\"row-5 odd\">\n<td class=\"column-1\" style=\"width: 110px;\">4<\/td>\n<td class=\"column-2\" style=\"width: 173.569px;\">RO<\/td>\n<td class=\"column-3\" style=\"width: 388.431px;\">Anexa IV &#8211; Raport final (va fi \u00eenc\u0103rcat\u0103 \u00een cur\u00e2nd)<\/td>\n<td class=\"column-4\" style=\"text-align: center; width: 243px;\">15.09.2018<\/td>\n<\/tr>\n<tr class=\"row-6 even\">\n<td class=\"column-1\" style=\"width: 110px;\">5<\/td>\n<td class=\"column-2\" style=\"width: 173.569px;\">RO<\/td>\n<td class=\"column-3\" style=\"width: 388.431px;\"><a href=\"https:\/\/www.eea4edu.ro\/wp-content\/uploads\/2018\/10\/HEI_2017\/Contract-si-anexe_Personal.rar\">Anexa V \u2013\u00a0Contract \u0219i anexe personal<\/a> \u2013 model (.rar)<\/td>\n<td class=\"column-4\" style=\"text-align: center; width: 243px;\">15.09.2018<\/td>\n<\/tr>\n<tr class=\"row-7 odd\">\n<td class=\"column-1\" style=\"width: 110px;\">6<\/td>\n<td class=\"column-2\" style=\"width: 173.569px;\">RO<\/td>\n<td class=\"column-3\" style=\"width: 388.431px;\"><a href=\"https:\/\/www.eea4edu.ro\/wp-content\/uploads\/2018\/10\/HEI_2017\/Contract-si-anexe_Studenti.rar\">Anexa V \u2013\u00a0Contract \u0219i anexe studen\u021bi<\/a>\u2013 model (.rar)<\/td>\n<td class=\"column-4\" style=\"text-align: center; width: 243px;\">15.09.2018<\/td>\n<\/tr>\n<tr class=\"row-3 odd\">\n<td class=\"column-1\" style=\"width: 110px;\"><\/td>\n<td class=\"column-2\" style=\"width: 173.569px;\"><\/td>\n<td class=\"column-3\" style=\"width: 388.431px;\"><\/td>\n<td class=\"column-4\" style=\"text-align: center; width: 243px;\"><\/td>\n<\/tr>\n<\/tbody>\n<\/table>\n<p>[\/et_pb_text][et_pb_text admin_label=&#8221;Data actualiz\u0103rii&#8221; _builder_version=&#8221;3.0.99&#8243;][\/et_pb_text][\/et_pb_column][\/et_pb_row][et_pb_row custom_padding=&#8221;27px|0px|0px|0px&#8221; _builder_version=&#8221;3.0.47&#8243; background_size=&#8221;initial&#8221; background_position=&#8221;top_left&#8221; background_repeat=&#8221;repeat&#8221;][et_pb_column type=&#8221;4_4&#8243; _builder_version=&#8221;3.0.47&#8243; parallax=&#8221;off&#8221; parallax_method=&#8221;on&#8221;][et_pb_text admin_label=&#8221;Runda&#8221; _builder_version=&#8221;3.0.99&#8243; header_font=&#8221;|||on|||||&#8221; background_color=&#8221;#606060&#8243; background_layout=&#8221;dark&#8221;]<strong>Cooperation Projects<\/strong>[\/et_pb_text][et_pb_text admin_label=&#8221;Tabel&#8221; _builder_version=&#8221;3.11.1&#8243; border_color_all=&#8221;#aaaaaa&#8221; box_shadow_style=&#8221;preset1&#8243;]<\/p>\n<table id=\"tablepress-5\" class=\"tablepress tablepress-id-5\" style=\"width: 1080px;\" border=\"1\">\n<caption style=\"caption-side: bottom; text-align: left; border: none; background: none; margin: 0; padding: 0;\">\u00a0<\/caption>\n<thead>\n<tr class=\"row-1 odd\">\n<th class=\"column-1\" style=\"width: 110px;\">Nr.<\/th>\n<th class=\"column-2\" style=\"width: 173.569px; text-align: left;\">Limba<br \/>documentului<\/th>\n<th class=\"column-3\" style=\"width: 388.431px; text-align: left;\">\u00a0Document<\/th>\n<th class=\"column-4\" style=\"width: 243px; text-align: center;\">Publicat de Operatorul de\u00a0Program pe:<\/th>\n<\/tr>\n<\/thead>\n<tbody class=\"row-hover\">\n<tr class=\"row-2 even\">\n<td class=\"column-1\" style=\"width: 110px;\">1<\/td>\n<td class=\"column-2\" style=\"width: 173.569px;\">RO<\/td>\n<td class=\"column-3\" style=\"width: 388.431px;\"><a href=\"https:\/\/www.eea4edu.ro\/wp-content\/uploads\/2018_Fisiere_RO\/HE_COOP_Contract_SEE.pdf\">Contract de finan\u021bare<\/a><\/td>\n<td class=\"column-4\" style=\"text-align: center; width: 243px;\">23.08.2018<\/td>\n<\/tr>\n<tr class=\"row-3 odd\">\n<td class=\"column-1\" style=\"width: 110px;\">2<\/td>\n<td class=\"column-2\" style=\"width: 173.569px;\">RO<\/td>\n<td class=\"column-3\" style=\"width: 388.431px;\"><a href=\"https:\/\/www.eea4edu.ro\/wp-content\/uploads\/2018_Fisiere_RO\/HE_COOP_Anexa_II_Baremuri_aplicabile.pdf\">Anexa II &#8211; Bareme aplicabile<\/a><\/td>\n<td class=\"column-4\" style=\"text-align: center; width: 243px;\">23.08.2018<\/td>\n<\/tr>\n<tr class=\"row-4 even\">\n<td class=\"column-1\" style=\"width: 110px;\">3<\/td>\n<td class=\"column-2\" style=\"width: 173.569px;\">RO<\/td>\n<td class=\"column-3\" style=\"width: 388.431px;\"><a href=\"https:\/\/www.eea4edu.ro\/wp-content\/uploads\/2018_Fisiere_RO\/HE_COOP_Anexa_III_Reguli_financiare_si_contractuale_SEE_2018.pdf\">Anexa III &#8211; Reguli financiare si contractuale<\/a><\/td>\n<td class=\"column-4\" style=\"text-align: center; width: 243px;\">23.08.2018<\/td>\n<\/tr>\n<tr class=\"row-5 odd\">\n<td class=\"column-1\" style=\"width: 110px;\">4<\/td>\n<td class=\"column-2\" style=\"width: 173.569px;\">RO<\/td>\n<td class=\"column-3\" style=\"width: 388.431px;\">Anexa IV &#8211; Raport final (va fi \u00eenc\u0103rcat\u0103 \u00een cur\u00e2nd)<\/td>\n<td class=\"column-4\" style=\"text-align: center; width: 243px;\">23.08.2018<\/td>\n<\/tr>\n<tr class=\"row-6 even\">\n<td class=\"column-1\" style=\"width: 110px;\">5<\/td>\n<td class=\"column-2\" style=\"width: 173.569px;\">EN<\/td>\n<td class=\"column-3\" style=\"width: 388.431px;\"><a href=\"https:\/\/www.eea4edu.ro\/wp-content\/uploads\/2018_Fisiere_RO\/HE_COOP_Anexa_V_Acord-de-parteneriat_en_fin.doc\">Anexa V &#8211; Acord de parteneriat\/Partnership Agreement<\/a><\/td>\n<td class=\"column-4\" style=\"text-align: center; width: 243px;\">23.08.2018<\/td>\n<\/tr>\n<tr class=\"row-7 odd\">\n<td class=\"column-1\" style=\"width: 110px;\">6<\/td>\n<td class=\"column-2\" style=\"width: 173.569px;\">EN<\/td>\n<td class=\"column-3\" style=\"width: 388.431px;\">\n<p><a href=\"https:\/\/www.eea4edu.ro\/wp-content\/uploads\/2018_Fisiere_RO\/HE_COOP_Anexa_VI_Raport_audit_model_BS.pdf\">Raport de audit\/Audit Report \u2013\u00a0Beneficiary State Partner<\/a><\/p>\n<p><a href=\"https:\/\/www.eea4edu.ro\/wp-content\/uploads\/2018_Fisiere_RO\/HE_COOP_Anexa_VI_Raport_audit_model_DS.pdf\">Raport de audit\/Audit Report \u2013\u00a0Donor State Partner<\/a><\/p>\n<\/td>\n<td class=\"column-4\" style=\"text-align: center; width: 243px;\">23.08.2018<\/td>\n<\/tr>\n<\/tbody>\n<\/table>\n<p>[\/et_pb_text][et_pb_text admin_label=&#8221;Data actualiz\u0103rii&#8221; _builder_version=&#8221;3.0.99&#8243;][\/et_pb_text][\/et_pb_column][\/et_pb_row][et_pb_row custom_padding=&#8221;27px|0px|0px|0px&#8221; _builder_version=&#8221;3.0.47&#8243; background_size=&#8221;initial&#8221; background_position=&#8221;top_left&#8221; background_repeat=&#8221;repeat&#8221;][et_pb_column type=&#8221;4_4&#8243; _builder_version=&#8221;3.0.47&#8243; parallax=&#8221;off&#8221; parallax_method=&#8221;on&#8221;][et_pb_text admin_label=&#8221;Runda&#8221; _builder_version=&#8221;3.0.99&#8243; header_font=&#8221;|||on|||||&#8221; background_color=&#8221;#606060&#8243; background_layout=&#8221;dark&#8221;]<\/p>\n<p><strong>Preparatory Visits<\/strong><\/p>\n<p>[\/et_pb_text][et_pb_text admin_label=&#8221;Tabel&#8221; _builder_version=&#8221;3.0.106&#8243; border_color_all=&#8221;#aaaaaa&#8221; box_shadow_style=&#8221;preset1&#8243;]<\/p>\n<table id=\"tablepress-5\" class=\"tablepress tablepress-id-5\" style=\"width: 1080px;\" border=\"1\">\n<caption style=\"caption-side: bottom; text-align: left; border: none; background: none; margin: 0; padding: 0;\">\u00a0<\/caption>\n<thead>\n<tr class=\"row-1 odd\">\n<th class=\"column-1\" style=\"width: 110px;\">No.<\/th>\n<th class=\"column-2\" style=\"width: 173.569px; text-align: left;\">Document Language<\/th>\n<th class=\"column-3\" style=\"width: 388.431px; text-align: center;\">\u00a0Document<\/th>\n<th class=\"column-4\" style=\"width: 243px; text-align: center;\">Published by the Programme Operator on:<\/th>\n<\/tr>\n<\/thead>\n<tbody class=\"row-hover\">\n<tr class=\"row-2 even\">\n<td class=\"column-1\" style=\"width: 110px;\">1<\/td>\n<td class=\"column-2\" style=\"width: 173.569px;\">EN<\/td>\n<td class=\"column-3\" style=\"width: 388.431px;\">Grant Agreement<\/td>\n<td class=\"column-4\" style=\"text-align: center; width: 243px;\">09.11.2017<\/td>\n<\/tr>\n<tr class=\"row-3 odd\">\n<td class=\"column-1\" style=\"width: 110px;\">2<\/td>\n<td class=\"column-2\" style=\"width: 173.569px;\">EN<\/td>\n<td class=\"column-3\" style=\"width: 388.431px;\"><a href=\"http:\/\/app.eea4edu.ro\/users\/login\">Annex II &#8211; Final Report<\/a><\/td>\n<td class=\"column-4\" style=\"text-align: center; width: 243px;\">09.11.2017<\/td>\n<\/tr>\n<tr class=\"row-4 even\">\n<td class=\"column-1\" style=\"width: 110px;\">3<\/td>\n<td class=\"column-2\" style=\"width: 173.569px;\">EN<\/td>\n<td class=\"column-3\" style=\"width: 388.431px;\">Annex III &#8211; Certificate of Attendance<\/td>\n<td class=\"column-4\" style=\"text-align: center; width: 243px;\">09.11.2017<\/td>\n<\/tr>\n<tr class=\"row-5 odd\">\n<td class=\"column-1\" style=\"width: 110px;\">4<\/td>\n<td class=\"column-2\" style=\"width: 173.569px;\">EN<\/td>\n<td class=\"column-3\" style=\"width: 388.431px;\">Annex IV &#8211; Declaration of avoiding double financing<\/td>\n<td class=\"column-4\" style=\"text-align: center; width: 243px;\">09.11.2017<\/td>\n<\/tr>\n<\/tbody>\n<\/table>\n<p>[\/et_pb_text][et_pb_text admin_label=&#8221;Data actualiz\u0103rii&#8221; _builder_version=&#8221;3.0.99&#8243;][\/et_pb_text][\/et_pb_column][\/et_pb_row][\/et_pb_section][et_pb_section fb_built=&#8221;1&#8243; _builder_version=&#8221;3.0.47&#8243; custom_padding=&#8221;19px|0px|54px|0px|false|false&#8221;][\/et_pb_section]<\/p>\n","protected":false},"excerpt":{"rendered":"<p>Contracting documents \u2013\u00a0 Higher Education 2018 \u2013Mobility Projects\u00a0 No. Document Language \u00a0Document Published by the Programme Operator on: 1 RO Contract de finan\u021bare 15.09.2018 2 RO Anexa II \u2013 Bareme aplicate 15.09.2018 3 RO Anexa III \u2013 Reguli financiare \u0219i contractuale 15.09.2018 4 RO Anexa IV &#8211; Raport final (va fi \u00eenc\u0103rcat\u0103 \u00een cur\u00e2nd) 15.09.2018 [&hellip;]<\/p>\n","protected":false},"author":3,"featured_media":0,"parent":0,"menu_order":0,"comment_status":"closed","ping_status":"closed","template":"","meta":{"_seopress_robots_primary_cat":"","_seopress_titles_title":"","_seopress_titles_desc":"","_seopress_robots_index":"","_et_pb_use_builder":"on","_et_pb_old_content":"[table id=5 \/]","_et_gb_content_width":"","footnotes":""},"class_list":["post-5714","page","type-page","status-publish","hentry"],"_links":{"self":[{"href":"https:\/\/www.eea4edu.ro\/en\/wp-json\/wp\/v2\/pages\/5714","targetHints":{"allow":["GET"]}}],"collection":[{"href":"https:\/\/www.eea4edu.ro\/en\/wp-json\/wp\/v2\/pages"}],"about":[{"href":"https:\/\/www.eea4edu.ro\/en\/wp-json\/wp\/v2\/types\/page"}],"author":[{"embeddable":true,"href":"https:\/\/www.eea4edu.ro\/en\/wp-json\/wp\/v2\/users\/3"}],"replies":[{"embeddable":true,"href":"https:\/\/www.eea4edu.ro\/en\/wp-json\/wp\/v2\/comments?post=5714"}],"version-history":[{"count":5,"href":"https:\/\/www.eea4edu.ro\/en\/wp-json\/wp\/v2\/pages\/5714\/revisions"}],"predecessor-version":[{"id":5786,"href":"https:\/\/www.eea4edu.ro\/en\/wp-json\/wp\/v2\/pages\/5714\/revisions\/5786"}],"wp:attachment":[{"href":"https:\/\/www.eea4edu.ro\/en\/wp-json\/wp\/v2\/media?parent=5714"}],"curies":[{"name":"wp","href":"https:\/\/api.w.org\/{rel}","templated":true}]}}