{"id":3989,"date":"2018-02-13T15:50:43","date_gmt":"2018-02-13T13:50:43","guid":{"rendered":"https:\/\/www.eea4edu.ro\/applications-higher-education-mobility-projects-2018\/"},"modified":"2019-01-22T11:26:24","modified_gmt":"2019-01-22T09:26:24","slug":"cand_he2018-mob","status":"publish","type":"page","link":"https:\/\/www.eea4edu.ro\/en\/cand_he2018-mob\/","title":{"rendered":"Applications Higher Education &#8211; Mobility projects 2018"},"content":{"rendered":"<p>[et_pb_section fb_built=&#8221;1&#8243; _builder_version=&#8221;3.0.47&#8243; custom_padding=&#8221;54px|0px|0px|0px&#8221;][et_pb_row custom_padding=&#8221;27px|0px|0px|0px&#8221; _builder_version=&#8221;3.0.47&#8243; background_size=&#8221;initial&#8221; background_position=&#8221;top_left&#8221; background_repeat=&#8221;repeat&#8221;][et_pb_column type=&#8221;4_4&#8243; _builder_version=&#8221;3.0.47&#8243; parallax=&#8221;off&#8221; parallax_method=&#8221;on&#8221;][et_pb_text admin_label=&#8221;Titlu&#8221; _builder_version=&#8221;3.0.99&#8243; text_font_size=&#8221;12px&#8221;]<\/p>\n<h1 style=\"text-align: center;\">Applications Higher Education<br \/>\n\u2013 2018 Mobility Projects \u2013<\/h1>\n<p>[\/et_pb_text][\/et_pb_column][\/et_pb_row][\/et_pb_section][et_pb_section fb_built=&#8221;1&#8243; _builder_version=&#8221;3.0.47&#8243; custom_padding=&#8221;19px|0px|54px|0px&#8221;][et_pb_row custom_padding=&#8221;5px|0px|27px|0px&#8221; _builder_version=&#8221;3.0.47&#8243; background_size=&#8221;initial&#8221; background_position=&#8221;top_left&#8221; background_repeat=&#8221;repeat&#8221;][et_pb_column type=&#8221;4_4&#8243; _builder_version=&#8221;3.0.47&#8243; parallax=&#8221;off&#8221; parallax_method=&#8221;on&#8221;][et_pb_text admin_label=&#8221;Runda&#8221; _builder_version=&#8221;3.0.99&#8243; text_font=&#8221;||||||||&#8221; header_font=&#8221;|||on|||||&#8221; background_color=&#8221;#606060&#8243; background_layout=&#8221;dark&#8221;]<\/p>\n<h6>2nd Call for proposals &#8211; 2018 \u2013 Mobility Projects<\/h6>\n<p>[\/et_pb_text][et_pb_text admin_label=&#8221;Tabel&#8221; _builder_version=&#8221;3.18.7&#8243; border_color_all=&#8221;#aaaaaa&#8221; box_shadow_style=&#8221;preset1&#8243;]<\/p>\n<table id=\"tablepress-5\" class=\"tablepress tablepress-id-5\" border=\"1\">\n<caption style=\"caption-side: bottom; text-align: left; border: none; background: none; margin: 0; padding: 0;\"><\/caption>\n<thead>\n<tr class=\"row-1 odd\">\n<th class=\"column-1\">No.<\/th>\n<th class=\"column-2\">City<\/th>\n<th class=\"column-3\" style=\"text-align: center;\">Institution<\/th>\n<th class=\"column-4\" style=\"text-align: center;\">Received by<br \/> the OP on&gt;<\/th>\n<th class=\"column-5\">Application<br \/> reference<\/th>\n<th class=\"column-5\" style=\"border-left: medium double;\">Project Status<\/th>\n<\/tr>\n<\/thead>\n<tbody class=\"row-hover\">\n<tr class=\"row-2 even\">\n<td class=\"column-1\">1<\/td>\n<td class=\"column-2\">Bucure\u0219ti<\/td>\n<td class=\"column-3\">Universitatea Politehnic\u0103 din Bucure\u0219ti<\/td>\n<td class=\"column-4\" style=\"text-align: center;\">10.12.2018<\/td>\n<td class=\"column-5\">18-MOB-0009<\/td>\n<td class=\"column-5\" style=\"text-align: center; border-left: medium double;\">Eligible<\/td>\n<\/tr>\n<tr class=\"row-3 odd\">\n<td class=\"column-1\">2<\/td>\n<td class=\"column-2\">Ploie\u0219ti<\/td>\n<td class=\"column-3\">Universitatea Petrol \u0219i Gaze din Ploie\u0219ti<\/td>\n<td class=\"column-4\" style=\"text-align: center;\">10.12.2018<\/td>\n<td class=\"column-5\">18-MOB-0012<\/td>\n<td class=\"column-5\" style=\"text-align: center; border-left: medium double;\">Eligible<\/td>\n<\/tr>\n<tr class=\"row-4 even\">\n<td class=\"column-1\">3<\/td>\n<td class=\"column-2\">Cluj-Napoca<\/td>\n<td class=\"column-3\">Universitatea Sapien\u021bia<\/td>\n<td class=\"column-4\" style=\"text-align: center;\">10.12.2018<\/td>\n<td class=\"column-5\">18-MOB-0034<\/td>\n<td class=\"column-5\" style=\"text-align: center; border-left: medium double;\">Eligible<\/td>\n<\/tr>\n<tr class=\"row-5 odd\">\n<td class=\"column-1\">4<\/td>\n<td class=\"column-2\">Cluj-Napoca<\/td>\n<td class=\"column-3\">Universitatea Babe\u0219 Bolyai<\/td>\n<td class=\"column-4\" style=\"text-align: center;\">09.12.2018<\/td>\n<td class=\"column-5\">18-MOB-0041<\/td>\n<td class=\"column-5\" style=\"text-align: center; border-left: medium double;\">Eligible<\/td>\n<\/tr>\n<tr class=\"row-6 even\">\n<td class=\"column-1\">5<\/td>\n<td class=\"column-2\">Bra\u0219ov<\/td>\n<td class=\"column-3\">Universitatea Transilvania din Bra\u0219ov<\/td>\n<td class=\"column-4\" style=\"text-align: center;\">07.12.2018<\/td>\n<td class=\"column-5\">18-MOB-0042<\/td>\n<td class=\"column-5\" style=\"text-align: center; border-left: medium double;\">Eligible<\/td>\n<\/tr>\n<tr class=\"row-7 odd\">\n<td class=\"column-1\">6<\/td>\n<td class=\"column-2\">Timi\u0219oara<\/td>\n<td class=\"column-3\">Universitatea Politehnic\u0103 din Timi\u0219oara<\/td>\n<td class=\"column-4\" style=\"text-align: center;\">10.12.2018<\/td>\n<td class=\"column-5\" text-align:=\"\" center=\"\">18-MOB-0043<\/td>\n<td class=\"column-5\" style=\"text-align: center; border-left: medium double;\">Eligible<\/td>\n<\/tr>\n<tr class=\"row-8 even\">\n<td class=\"column-1\">7<\/td>\n<td class=\"column-2\">Cluj-Napoca<\/td>\n<td class=\"column-3\">Universitatea Tehnic\u0103 Cluj-Napoca<\/td>\n<td class=\"column-4\" style=\"text-align: center;\">10.12.2018<\/td>\n<td class=\"column-5\" text-align:=\"\" center=\"\">18-MOB-0046<\/td>\n<td class=\"column-5\" style=\"text-align: center; border-left: medium double;\">Eligible<\/td>\n<\/tr>\n<tr class=\"row-9 odd\">\n<td class=\"column-1\">8<\/td>\n<td class=\"column-2\">Bucure\u0219ti<\/td>\n<td class=\"column-3\">\u0218coala Na\u021bional\u0103 de Studii Politice \u0219i Administrative<\/td>\n<td class=\"column-4\" style=\"text-align: center;\">07.12.2018<\/td>\n<td class=\"column-5\" text-align:=\"\" center=\"\">18-MOB-0049<\/td>\n<td class=\"column-5\" style=\"text-align: center; border-left: medium double;\">Eligible<\/td>\n<\/tr>\n<tr class=\"row-10 even\">\n<td class=\"column-1\">9<\/td>\n<td class=\"column-2\">Ia\u0219i<\/td>\n<td class=\"column-3\">Universitatea Al.I. Cuza Ia\u0219i<\/td>\n<td class=\"column-4\" style=\"text-align: center;\">10.12.2018<\/td>\n<td class=\"column-5\" text-align:=\"\" center=\"\">18-MOB-0052<\/td>\n<td class=\"column-5\" style=\"text-align: center; border-left: medium double;\">Eligible<\/td>\n<\/tr>\n<tr class=\"row-11 odd\">\n<td class=\"column-1\">10<\/td>\n<td class=\"column-2\">Cluj-Napoca<\/td>\n<td class=\"column-3\">Universitatea de Art\u0103 \u0219i Design Cluj Napoca<\/td>\n<td class=\"column-4\" style=\"text-align: center;\">10.12.2018<\/td>\n<td class=\"column-5\" text-align:=\"\" center=\"\">18-MOB-0054<\/td>\n<td class=\"column-5\" style=\"text-align: center; border-left: medium double;\">Eligible<\/td>\n<\/tr>\n<tr class=\"row-12 even\">\n<td class=\"column-1\">11<\/td>\n<td class=\"column-2\">Bucure\u0219ti<\/td>\n<td class=\"column-3\">Universitatea din Bucure\u0219ti<\/td>\n<td class=\"column-4\" style=\"text-align: center;\">07.12.2018<\/td>\n<td class=\"column-5\" text-align:=\"\" center=\"\">18-MOB-0055<\/td>\n<td class=\"column-5\" style=\"text-align: center; border-left: medium double;\">The beneficiary withdrew the application<\/td>\n<\/tr>\n<tr class=\"row-13 odd\">\n<td class=\"column-1\">12<\/td>\n<td class=\"column-2\">Timi\u0219oara<\/td>\n<td class=\"column-3\">Universitatea de Vest Timi\u0219oara<\/td>\n<td class=\"column-4\" style=\"text-align: center;\">10.12.2018<\/td>\n<td class=\"column-5\" text-align:=\"\" center=\"\">18-MOB-0056<\/td>\n<td class=\"column-5\" style=\"text-align: center; border-left: medium double;\">Eligible<\/td>\n<\/tr>\n<tr class=\"row-14 even\">\n<td class=\"column-1\">13<\/td>\n<td class=\"column-2\">Craiova<\/td>\n<td class=\"column-3\">Universitatea din Craiova<\/td>\n<td class=\"column-4\" style=\"text-align: center;\">10.12.2018<\/td>\n<td class=\"column-5\" text-align:=\"\" center=\"\">18-MOB-0057<\/td>\n<td class=\"column-5\" style=\"text-align: center; border-left: medium double;\">Eligible<\/td>\n<\/tr>\n<tr class=\"row-15 odd\">\n<td class=\"column-1\">14<\/td>\n<td class=\"column-2\">Ia\u0219i<\/td>\n<td class=\"column-3\">Universitatea Tehnic\u0103 Gh. Asachi din Ia\u0219i<\/td>\n<td class=\"column-4\" style=\"text-align: center;\">07.12.2018<\/td>\n<td class=\"column-5\" text-align:=\"\" center=\"\">18-MOB-0058<\/td>\n<td class=\"column-5\" style=\"text-align: center; border-left: medium double;\">Eligible<\/td>\n<\/tr>\n<tr class=\"row-16 even\">\n<td class=\"column-1\">15<\/td>\n<td class=\"column-2\">Alba Iulia<\/td>\n<td class=\"column-3\">Universitatea 1 Decembrie Alba Iulia<\/td>\n<td class=\"column-4\" style=\"text-align: center;\">07.12.2018<\/td>\n<td class=\"column-5\" text-align:=\"\" center=\"\">18-MOB-0060<\/td>\n<td class=\"column-5\" style=\"text-align: center; border-left: medium double;\">Eligible<\/td>\n<\/tr>\n<tr class=\"row-17 odd\">\n<td class=\"column-1\">16<\/td>\n<td class=\"column-2\">Sibiu<\/td>\n<td class=\"column-3\">Universitatea Lucian Blaga din Sibiu<\/td>\n<td class=\"column-4\" style=\"text-align: center;\">10.12.2018<\/td>\n<td class=\"column-5\" text-align:=\"\" center=\"\">18-MOB-0062<\/td>\n<td class=\"column-5\" style=\"text-align: center; border-left: medium double;\">Eligible<\/td>\n<\/tr>\n<tr class=\"row-17 odd\">\n<td class=\"column-1\">17<\/td>\n<td class=\"column-2\">Cluj Napoca<\/td>\n<td class=\"column-3\">Universitatea de Stiinte Agricole si Medicina Veterinara Cluj Napoca<\/td>\n<td class=\"column-4\" style=\"text-align: center;\">09.12.2018<\/td>\n<td class=\"column-5\" text-align:=\"\" center=\"\">18-MOB-0063<\/td>\n<td class=\"column-5\" style=\"text-align: center; border-left: medium double;\">Eligible<\/td>\n<\/tr>\n<tr class=\"row-17 odd\">\n<td class=\"column-1\">18<\/td>\n<td class=\"column-2\">Bucure\u0219ti<\/td>\n<td class=\"column-3\">Universitatea din Bucure\u0219ti<\/td>\n<td class=\"column-4\" style=\"text-align: center;\">10.12.2018<\/td>\n<td class=\"column-5\" text-align:=\"\" center=\"\">18-MOB-0065<\/td>\n<td class=\"column-5\" style=\"text-align: center; border-left: medium double;\">Eligible<\/td>\n<\/tr>\n<tr class=\"row-17 odd\">\n<td class=\"column-1\">19<\/td>\n<td class=\"column-2\">Cluj-Napoca<\/td>\n<td class=\"column-3\">Universitatea de Medicin\u0103 \u0219i Farmacie Cluj Napoca<\/td>\n<td class=\"column-4\" style=\"text-align: center;\">10.12.2018<\/td>\n<td class=\"column-5\" text-align:=\"\" center=\"\">18-MOB-0066<\/td>\n<td class=\"column-5\" style=\"text-align: center; border-left: medium double;\">Eligible<\/td>\n<\/tr>\n<tr class=\"row-17 odd\">\n<td class=\"column-1\" colspan=\"3\"><em>Published on 11.12.2018<\/em><\/td>\n<td class=\"column-4\" style=\"text-align: center;\"><\/td>\n<td class=\"column-5\"><\/td>\n<td class=\"column-5\" style=\"border-left: medium double; text-align: left;\">Published on 20.12.2018<em><\/em><\/td>\n<\/tr>\n<\/tbody>\n<\/table>\n<p>&nbsp;<\/p>\n<p>[\/et_pb_text][et_pb_text admin_label=&#8221;Data actualiz\u0103rii&#8221; _builder_version=&#8221;3.0.106&#8243;]<\/p>\n<p>Updated on: 20 December 2018<\/p>\n<p>[\/et_pb_text][\/et_pb_column][\/et_pb_row][et_pb_row custom_padding=&#8221;5px|0px|27px|0px&#8221; _builder_version=&#8221;3.0.47&#8243; background_size=&#8221;initial&#8221; background_position=&#8221;top_left&#8221; background_repeat=&#8221;repeat&#8221;][et_pb_column type=&#8221;4_4&#8243; _builder_version=&#8221;3.0.47&#8243; parallax=&#8221;off&#8221; parallax_method=&#8221;on&#8221;][et_pb_text admin_label=&#8221;Runda&#8221; _builder_version=&#8221;3.0.99&#8243; text_font=&#8221;||||||||&#8221; header_font=&#8221;|||on|||||&#8221; background_color=&#8221;#606060&#8243; background_layout=&#8221;dark&#8221;]<\/p>\n<h6>1st Call for proposals &#8211; 2018 \u2013 Mobility Projects<\/h6>\n<p>[\/et_pb_text][et_pb_text admin_label=&#8221;Tabel&#8221; _builder_version=&#8221;3.0.106&#8243; border_color_all=&#8221;#aaaaaa&#8221; box_shadow_style=&#8221;preset1&#8243;]<\/p>\n<table id=\"tablepress-5\" class=\"tablepress tablepress-id-5\" border=\"1\">\n<caption style=\"caption-side: bottom; text-align: left; border: none; background: none; margin: 0; padding: 0;\"><\/caption>\n<thead>\n<tr class=\"row-1 odd\">\n<th class=\"column-1\">No.<\/th>\n<th class=\"column-2\">City<\/th>\n<th class=\"column-3\" style=\"text-align: center;\">Institution<\/th>\n<th class=\"column-4\" style=\"text-align: center;\">Received by the PO on&gt;<\/th>\n<th class=\"column-5\">Application<br \/>reference<\/th>\n<th class=\"column-5\" style=\"border-left: medium double;\">Project\u00a0Status\u00a0<\/th>\n<\/tr>\n<\/thead>\n<tbody class=\"row-hover\">\n<tr class=\"row-2 even\">\n<td class=\"column-1\">1<\/td>\n<td class=\"column-2\">Craiova<\/td>\n<td class=\"column-3\">Universitatea din Craiova<\/td>\n<td class=\"column-4\" style=\"text-align: center;\">05.02.2018<\/td>\n<td class=\"column-5\">EY-MPO-0002<\/td>\n<td class=\"column-5\" style=\"text-align: center; border-left: medium double;\">Eligible<\/td>\n<\/tr>\n<tr class=\"row-3 odd\">\n<td class=\"column-1\">2<\/td>\n<td class=\"column-2\">Ia\u015fi<\/td>\n<td class=\"column-3\">Universitatea &#8220;Alexandru Ioan Cuza&#8221; din Ia\u015fi<\/td>\n<td class=\"column-4\" style=\"text-align: center;\">05.02.2018<\/td>\n<td class=\"column-5\">EY-MPO-0042<\/td>\n<td class=\"column-5\" style=\"text-align: center; border-left: medium double;\">Eligible<\/td>\n<\/tr>\n<tr class=\"row-4 even\">\n<td class=\"column-1\">3<\/td>\n<td class=\"column-2\">Cluj Napoca<\/td>\n<td class=\"column-3\">Universitatea &#8220;Babe\u015f-Bolyai&#8221; din Cluj-Napoca<\/td>\n<td class=\"column-4\" style=\"text-align: center;\">05.02.2018<\/td>\n<td class=\"column-5\">EY-MPO-0045<\/td>\n<td class=\"column-5\" style=\"text-align: center; border-left: medium double;\">Eligible<\/td>\n<\/tr>\n<tr class=\"row-5 odd\">\n<td class=\"column-1\">4<\/td>\n<td class=\"column-2\">Bucure\u015fti<\/td>\n<td class=\"column-3\">Academia Tehnic\u0103 Militar\u0103 din Bucure\u015fti<\/td>\n<td class=\"column-4\" style=\"text-align: center;\">05.02.2018<\/td>\n<td class=\"column-5\">EY-MPO-0067<\/td>\n<td class=\"column-5\" style=\"text-align: center; border-left: medium double;\">Eligible<\/td>\n<\/tr>\n<tr class=\"row-6 even\">\n<td class=\"column-1\">5<\/td>\n<td class=\"column-2\">Sibiu<\/td>\n<td class=\"column-3\">Universitatea &#8220;Lucian Blaga&#8221; din Sibiu<\/td>\n<td class=\"column-4\" style=\"text-align: center;\">05.02.2018<\/td>\n<td class=\"column-5\">EY-MPO-0070<\/td>\n<td class=\"column-5\" style=\"text-align: center; border-left: medium double;\">Eligible<\/td>\n<\/tr>\n<tr class=\"row-7 odd\">\n<td class=\"column-1\">6<\/td>\n<td class=\"column-2\">Ploie\u015fti<\/td>\n<td class=\"column-3\">Universitatea Petrol Gaze din Ploie\u015fti<\/td>\n<td class=\"column-4\" style=\"text-align: center;\">05.02.2018<\/td>\n<td class=\"column-5\" text-align:=\"\" center=\"\">EY-MPO-0071<\/td>\n<td class=\"column-5\" style=\"text-align: center; border-left: medium double;\">Eligible<\/td>\n<\/tr>\n<tr class=\"row-8 even\">\n<td class=\"column-1\">7<\/td>\n<td class=\"column-2\">Alba Iulia<\/td>\n<td class=\"column-3\">Universitatea \u201e1 Decembrie 1918\u201c din Alba Iulia<\/td>\n<td class=\"column-4\" style=\"text-align: center;\">05.02.2018<\/td>\n<td class=\"column-5\" text-align:=\"\" center=\"\">EY-MPO-0072<\/td>\n<td class=\"column-5\" style=\"text-align: center; border-left: medium double;\">Eligible<\/td>\n<\/tr>\n<tr class=\"row-9 odd\">\n<td class=\"column-1\">8<\/td>\n<td class=\"column-2\">Bucure\u015fti<\/td>\n<td class=\"column-3\">Universitatea Politehnica din Bucure\u015fti<\/td>\n<td class=\"column-4\" style=\"text-align: center;\">05.02.2018<\/td>\n<td class=\"column-5\" text-align:=\"\" center=\"\">EY-MPO-0073<\/td>\n<td class=\"column-5\" style=\"text-align: center; border-left: medium double;\">Eligible<\/td>\n<\/tr>\n<tr class=\"row-10 even\">\n<td class=\"column-1\">9<\/td>\n<td class=\"column-2\">Bucure\u015fti<\/td>\n<td class=\"column-3\">\u015ecoala Na\u0163ional\u0103 de Studii Politice \u015fi Administrative din Bucure\u015fti<\/td>\n<td class=\"column-4\" style=\"text-align: center;\">05.02.2018<\/td>\n<td class=\"column-5\" text-align:=\"\" center=\"\">EY-MPO-0074<\/td>\n<td class=\"column-5\" style=\"text-align: center; border-left: medium double;\">Eligible<\/td>\n<\/tr>\n<tr class=\"row-11 odd\">\n<td class=\"column-1\">10<\/td>\n<td class=\"column-2\">Bucure\u015fti<\/td>\n<td class=\"column-3\">Academia de Studii Economice din Bucure\u015fti<\/td>\n<td class=\"column-4\" style=\"text-align: center;\">05.02.2018<\/td>\n<td class=\"column-5\" text-align:=\"\" center=\"\">EY-MPO-0082<\/td>\n<td class=\"column-5\" style=\"text-align: center; border-left: medium double;\">Eligible<\/td>\n<\/tr>\n<tr class=\"row-12 even\">\n<td class=\"column-1\">11<\/td>\n<td class=\"column-2\">Timi\u015foara<\/td>\n<td class=\"column-3\">Universitatea Politehnica din Timi\u015foara<\/td>\n<td class=\"column-4\" style=\"text-align: center;\">05.02.2018<\/td>\n<td class=\"column-5\" text-align:=\"\" center=\"\">EY-MPO-0083<\/td>\n<td class=\"column-5\" style=\"text-align: center; border-left: medium double;\">Eligible<\/td>\n<\/tr>\n<tr class=\"row-13 odd\">\n<td class=\"column-1\">12<\/td>\n<td class=\"column-2\">Timi\u015foara<\/td>\n<td class=\"column-3\">Universitatea Politehnica din Timi\u015foara<\/td>\n<td class=\"column-4\" style=\"text-align: center;\">04.02.2018<\/td>\n<td class=\"column-5\" text-align:=\"\" center=\"\">EY-MPO-0064<\/td>\n<td class=\"column-5\" style=\"text-align: center; border-left: medium double;\">Ineligible<\/td>\n<\/tr>\n<tr class=\"row-14 even\">\n<td class=\"column-1\">13<\/td>\n<td class=\"column-2\">Cluj Napoca<\/td>\n<td class=\"column-3\">Universitatea de Medicin\u0103 \u015fi Farmacie \u201eIuliu Ha\u0163ieganu\u201c din Cluj Napoca<\/td>\n<td class=\"column-4\" style=\"text-align: center;\">02.02.2018<\/td>\n<td class=\"column-5\" text-align:=\"\" center=\"\">EY-MPO-0024<\/td>\n<td class=\"column-5\" style=\"text-align: center; border-left: medium double;\">Ineligible<\/td>\n<\/tr>\n<tr class=\"row-15 odd\">\n<td class=\"column-1\">14<\/td>\n<td class=\"column-2\">Cluj Napoca<\/td>\n<td class=\"column-3\">Universitatea de Medicin\u0103 \u015fi Farmacie \u201eIuliu Ha\u0163ieganu\u201c din Cluj Napoca<\/td>\n<td class=\"column-4\" style=\"text-align: center;\">02.02.2018<\/td>\n<td class=\"column-5\" text-align:=\"\" center=\"\">EY-MPO-0079<\/td>\n<td class=\"column-5\" style=\"text-align: center; border-left: medium double;\">Eligible<\/td>\n<\/tr>\n<tr class=\"row-16 even\">\n<td class=\"column-1\">15<\/td>\n<td class=\"column-2\">Ia\u015fi<\/td>\n<td class=\"column-3\">Universitatea Tehnic\u0103 \u201eGheorghe Asachi\u201c din Ia\u015fi<\/td>\n<td class=\"column-4\" style=\"text-align: center;\">30.01.2018<\/td>\n<td class=\"column-5\" text-align:=\"\" center=\"\">EY-MPO-0027<\/td>\n<td class=\"column-5\" style=\"text-align: center; border-left: medium double;\">Eligible<\/td>\n<\/tr>\n<tr class=\"row-17 odd\">\n<td class=\"column-1\">16<\/td>\n<td class=\"column-2\">Cluj Napoca<\/td>\n<td class=\"column-3\">Universitatea de Medicin\u0103 \u015fi Farmacie \u201eIuliu Ha\u0163ieganu\u201c din Cluj Napoca<\/td>\n<td class=\"column-4\" style=\"text-align: center;\">27.12.2017<\/td>\n<td class=\"column-5\" text-align:=\"\" center=\"\">EY-MPO-0035<\/td>\n<td class=\"column-5\" style=\"text-align: center; border-left: medium double;\">Ineligible<\/td>\n<\/tr>\n<tr class=\"row-17 odd\">\n<td class=\"column-1\" colspan=\"3\"><em>Published on 06.02.2018<\/em><\/td>\n<td class=\"column-4\" style=\"text-align: center;\"><\/td>\n<td class=\"column-5\"><\/td>\n<td class=\"column-5\" style=\"border-left: medium double; text-align: left;\"><em>Published on 16.02.2018<\/em><\/td>\n<\/tr>\n<\/tbody>\n<\/table>\n<p>[\/et_pb_text][et_pb_text admin_label=&#8221;Data actualiz\u0103rii&#8221; _builder_version=&#8221;3.0.106&#8243;]<\/p>\n<p>Updated on: 16 February 2018<\/p>\n<p>[\/et_pb_text][\/et_pb_column][\/et_pb_row][\/et_pb_section]<\/p>\n","protected":false},"excerpt":{"rendered":"<p>Applications Higher Education \u2013 2018 Mobility Projects \u20132nd Call for proposals &#8211; 2018 \u2013 Mobility Projects No. City Institution Received by the OP on&gt; Application reference Project Status 1 Bucure\u0219ti Universitatea Politehnic\u0103 din Bucure\u0219ti 10.12.2018 18-MOB-0009 Eligible 2 Ploie\u0219ti Universitatea Petrol \u0219i Gaze din Ploie\u0219ti 10.12.2018 18-MOB-0012 Eligible 3 Cluj-Napoca Universitatea Sapien\u021bia 10.12.2018 18-MOB-0034 Eligible [&hellip;]<\/p>\n","protected":false},"author":3,"featured_media":0,"parent":0,"menu_order":0,"comment_status":"closed","ping_status":"closed","template":"","meta":{"_seopress_robots_primary_cat":"","_seopress_titles_title":"","_seopress_titles_desc":"","_seopress_robots_index":"","_et_pb_use_builder":"on","_et_pb_old_content":"[table id=5 \/]","_et_gb_content_width":"","footnotes":""},"class_list":["post-3989","page","type-page","status-publish","hentry"],"_links":{"self":[{"href":"https:\/\/www.eea4edu.ro\/en\/wp-json\/wp\/v2\/pages\/3989","targetHints":{"allow":["GET"]}}],"collection":[{"href":"https:\/\/www.eea4edu.ro\/en\/wp-json\/wp\/v2\/pages"}],"about":[{"href":"https:\/\/www.eea4edu.ro\/en\/wp-json\/wp\/v2\/types\/page"}],"author":[{"embeddable":true,"href":"https:\/\/www.eea4edu.ro\/en\/wp-json\/wp\/v2\/users\/3"}],"replies":[{"embeddable":true,"href":"https:\/\/www.eea4edu.ro\/en\/wp-json\/wp\/v2\/comments?post=3989"}],"version-history":[{"count":5,"href":"https:\/\/www.eea4edu.ro\/en\/wp-json\/wp\/v2\/pages\/3989\/revisions"}],"predecessor-version":[{"id":6455,"href":"https:\/\/www.eea4edu.ro\/en\/wp-json\/wp\/v2\/pages\/3989\/revisions\/6455"}],"wp:attachment":[{"href":"https:\/\/www.eea4edu.ro\/en\/wp-json\/wp\/v2\/media?parent=3989"}],"curies":[{"name":"wp","href":"https:\/\/api.w.org\/{rel}","templated":true}]}}