{"id":3882,"date":"2018-10-08T16:38:36","date_gmt":"2018-10-08T14:38:36","guid":{"rendered":"https:\/\/www.eea4edu.ro\/?page_id=3882"},"modified":"2018-10-08T16:42:46","modified_gmt":"2018-10-08T14:42:46","slug":"guides_he_2017-2","status":"publish","type":"page","link":"https:\/\/www.eea4edu.ro\/en\/guides_he_2017-2\/","title":{"rendered":"Guides HE 2017"},"content":{"rendered":"<p>[et_pb_section fb_built=&#8221;1&#8243; _builder_version=&#8221;3.0.47&#8243; custom_padding=&#8221;54px|0px|0px|0px&#8221;][et_pb_row custom_padding=&#8221;27px|0px|0px|0px&#8221; _builder_version=&#8221;3.0.47&#8243; background_size=&#8221;initial&#8221; background_position=&#8221;top_left&#8221; background_repeat=&#8221;repeat&#8221;][et_pb_column type=&#8221;4_4&#8243; _builder_version=&#8221;3.0.47&#8243; parallax=&#8221;off&#8221; parallax_method=&#8221;on&#8221;][et_pb_text admin_label=&#8221;Ghiduri&#8221; _builder_version=&#8221;3.0.106&#8243; text_font_size=&#8221;12px&#8221;]<\/p>\n<h1 style=\"text-align: center;\">Programme Guides for Higher Education<\/h1>\n<h1 style=\"text-align: center;\">\u2013 2017 \u2013<\/h1>\n<p>[\/et_pb_text][\/et_pb_column][\/et_pb_row][\/et_pb_section][et_pb_section fb_built=&#8221;1&#8243; _builder_version=&#8221;3.0.47&#8243; custom_padding=&#8221;19px|0px|0px|0px&#8221;][et_pb_row custom_padding=&#8221;27px|0px|0px|0px&#8221; _builder_version=&#8221;3.0.47&#8243; background_size=&#8221;initial&#8221; background_position=&#8221;top_left&#8221; background_repeat=&#8221;repeat&#8221;][et_pb_column type=&#8221;4_4&#8243; _builder_version=&#8221;3.0.47&#8243; parallax=&#8221;off&#8221; parallax_method=&#8221;on&#8221;][et_pb_text admin_label=&#8221;Runda&#8221; _builder_version=&#8221;3.0.99&#8243; header_font=&#8221;|||on|||||&#8221; background_color=&#8221;#606060&#8243; background_layout=&#8221;dark&#8221;]<\/p>\n<h6>Mobility Projects<\/h6>\n<p>[\/et_pb_text][et_pb_text admin_label=&#8221;Tabel&#8221; _builder_version=&#8221;3.0.101&#8243; border_color_all=&#8221;#aaaaaa&#8221; box_shadow_style=&#8221;preset1&#8243;]&nbsp;<\/p>\n<table id=\"tablepress-5\" class=\"tablepress tablepress-id-5\" style=\"width: 1080px;\" border=\"1\">\n<caption style=\"caption-side: bottom; text-align: left; border: none; background: none; margin: 0; padding: 0;\">\u00a0<\/caption>\n<thead>\n<tr class=\"row-1 odd\">\n<th class=\"column-1\" style=\"width: 110px;\">Nr. crt.<\/th>\n<th class=\"column-2\" style=\"width: 173.569px; text-align: left;\">Limba<br \/>\ndocumentului<\/th>\n<th class=\"column-3\" style=\"width: 388.431px; text-align: center;\">\u00a0Document<\/th>\n<th class=\"column-4\" style=\"width: 243px; text-align: center;\">Data public\u0103rii de<br \/>\nOperatorul de Program<\/th>\n<\/tr>\n<\/thead>\n<tbody class=\"row-hover\">\n<tr class=\"row-2 even\">\n<td class=\"column-1\" style=\"width: 110px;\">1<\/td>\n<td class=\"column-2\" style=\"width: 173.569px;\">EN<\/td>\n<td class=\"column-3\" style=\"width: 388.431px;\"><a href=\"..\/wp-content\/uploads\/2017\/11\/Applicants-Guide-2017_EN.pdf\">Applicants&#8217; Guide for Preparatory Visits (<\/a><a href=\"..\/wp-content\/uploads\/2017\/11\/Applicants-Guide-2017_EN.pdf\">2017)<\/a><\/td>\n<td class=\"column-4\" style=\"text-align: center; width: 243px;\">09.11.2017<\/td>\n<\/tr>\n<tr class=\"row-3 odd\">\n<td class=\"column-1\" style=\"width: 110px;\"><\/td>\n<td class=\"column-2\" style=\"width: 173.569px;\"><\/td>\n<td class=\"column-3\" style=\"width: 388.431px;\"><\/td>\n<td class=\"column-4\" style=\"text-align: center; width: 243px;\"><\/td>\n<\/tr>\n<\/tbody>\n<\/table>\n<p>[\/et_pb_text][et_pb_text admin_label=&#8221;Data actualiz\u0103rii&#8221; _builder_version=&#8221;3.0.99&#8243;][\/et_pb_text][\/et_pb_column][\/et_pb_row][et_pb_row custom_padding=&#8221;27px|0px|0px|0px&#8221; _builder_version=&#8221;3.0.47&#8243; background_size=&#8221;initial&#8221; background_position=&#8221;top_left&#8221; background_repeat=&#8221;repeat&#8221;][et_pb_column type=&#8221;4_4&#8243; _builder_version=&#8221;3.0.47&#8243; parallax=&#8221;off&#8221; parallax_method=&#8221;on&#8221;][et_pb_text admin_label=&#8221;Runda&#8221; _builder_version=&#8221;3.0.99&#8243; header_font=&#8221;|||on|||||&#8221; background_color=&#8221;#606060&#8243; background_layout=&#8221;dark&#8221;]<\/p>\n<h6>Preparatory Visits<\/h6>\n<p>[\/et_pb_text][et_pb_text admin_label=&#8221;Tabel&#8221; _builder_version=&#8221;3.0.106&#8243; border_color_all=&#8221;#aaaaaa&#8221; box_shadow_style=&#8221;preset1&#8243;]&nbsp;<\/p>\n<table id=\"tablepress-5\" class=\"tablepress tablepress-id-5\" style=\"width: 1080px;\" border=\"1\">\n<caption style=\"caption-side: bottom; text-align: left; border: none; background: none; margin: 0; padding: 0;\">\u00a0<\/caption>\n<thead>\n<tr class=\"row-1 odd\">\n<th class=\"column-1\" style=\"width: 110px;\">Nr. crt.<\/th>\n<th class=\"column-2\" style=\"width: 173.569px; text-align: left;\">Limba<br \/>\ndocumentului<\/th>\n<th class=\"column-3\" style=\"width: 388.431px; text-align: center;\">\u00a0Document<\/th>\n<th class=\"column-4\" style=\"width: 243px; text-align: center;\">Data public\u0103rii de<br \/>\nOperatorul de Program<\/th>\n<\/tr>\n<\/thead>\n<tbody class=\"row-hover\">\n<tr class=\"row-2 even\">\n<td class=\"column-1\" style=\"width: 110px;\">1<\/td>\n<td class=\"column-2\" style=\"width: 173.569px;\">EN<\/td>\n<td class=\"column-3\" style=\"width: 388.431px;\"><a href=\"..\/wp-content\/uploads\/2017\/11\/Applicants-Guide-2017_EN.pdf\"><strong>Ghidul candida\u021bilor\u00a0pentru vizite\u00a0preg\u0103titoare \u00een \u00eenv\u0103\u021b\u0103m\u00e2ntul universitar (2017)<\/strong><\/a><\/td>\n<td class=\"column-4\" style=\"text-align: center; width: 243px;\">09.11.2017<\/td>\n<\/tr>\n<tr class=\"row-3 odd\">\n<td class=\"column-1\" style=\"width: 110px;\"><\/td>\n<td class=\"column-2\" style=\"width: 173.569px;\"><\/td>\n<td class=\"column-3\" style=\"width: 388.431px;\">\u00a0(disponibil doar \u00een limba englez\u0103)<\/td>\n<td class=\"column-4\" style=\"text-align: center; width: 243px;\"><\/td>\n<\/tr>\n<\/tbody>\n<\/table>\n<p>[\/et_pb_text][et_pb_text admin_label=&#8221;Data actualiz\u0103rii&#8221; _builder_version=&#8221;3.0.99&#8243;][\/et_pb_text][\/et_pb_column][\/et_pb_row][\/et_pb_section][et_pb_section fb_built=&#8221;1&#8243; _builder_version=&#8221;3.0.47&#8243; custom_padding=&#8221;19px|0px|54px|0px&#8221;][\/et_pb_section]<\/p>\n","protected":false},"excerpt":{"rendered":"<p>Programme Guides for Higher Education \u2013 2017 \u2013 Mobility Projects &nbsp; \u00a0 Nr. crt. Limba documentului \u00a0Document Data public\u0103rii de Operatorul de Program 1 EN Applicants&#8217; Guide for Preparatory Visits (2017) 09.11.2017 Preparatory Visits &nbsp; \u00a0 Nr. crt. Limba documentului \u00a0Document Data public\u0103rii de Operatorul de Program 1 EN Ghidul candida\u021bilor\u00a0pentru vizite\u00a0preg\u0103titoare \u00een \u00eenv\u0103\u021b\u0103m\u00e2ntul universitar [&hellip;]<\/p>\n","protected":false},"author":3,"featured_media":0,"parent":0,"menu_order":0,"comment_status":"closed","ping_status":"closed","template":"","meta":{"_seopress_robots_primary_cat":"","_seopress_titles_title":"","_seopress_titles_desc":"","_seopress_robots_index":"","_et_pb_use_builder":"on","_et_pb_old_content":"[table id=5 \/]","_et_gb_content_width":"","footnotes":""},"class_list":["post-3882","page","type-page","status-publish","hentry"],"_links":{"self":[{"href":"https:\/\/www.eea4edu.ro\/en\/wp-json\/wp\/v2\/pages\/3882","targetHints":{"allow":["GET"]}}],"collection":[{"href":"https:\/\/www.eea4edu.ro\/en\/wp-json\/wp\/v2\/pages"}],"about":[{"href":"https:\/\/www.eea4edu.ro\/en\/wp-json\/wp\/v2\/types\/page"}],"author":[{"embeddable":true,"href":"https:\/\/www.eea4edu.ro\/en\/wp-json\/wp\/v2\/users\/3"}],"replies":[{"embeddable":true,"href":"https:\/\/www.eea4edu.ro\/en\/wp-json\/wp\/v2\/comments?post=3882"}],"version-history":[{"count":3,"href":"https:\/\/www.eea4edu.ro\/en\/wp-json\/wp\/v2\/pages\/3882\/revisions"}],"predecessor-version":[{"id":5788,"href":"https:\/\/www.eea4edu.ro\/en\/wp-json\/wp\/v2\/pages\/3882\/revisions\/5788"}],"wp:attachment":[{"href":"https:\/\/www.eea4edu.ro\/en\/wp-json\/wp\/v2\/media?parent=3882"}],"curies":[{"name":"wp","href":"https:\/\/api.w.org\/{rel}","templated":true}]}}