{"id":3352,"date":"2018-02-21T17:01:59","date_gmt":"2018-02-21T15:01:59","guid":{"rendered":"https:\/\/www.eea4edu.ro\/applications-preparatory-visits-2018\/"},"modified":"2018-03-08T15:57:59","modified_gmt":"2018-03-08T13:57:59","slug":"applications-preparatory-visits-2018","status":"publish","type":"page","link":"https:\/\/www.eea4edu.ro\/en\/applications-preparatory-visits-2018\/","title":{"rendered":"Applications &#8211; Preparatory Visits 2018"},"content":{"rendered":"<p>[et_pb_section fb_built=&#8221;1&#8243; _builder_version=&#8221;3.0.47&#8243; custom_padding=&#8221;54px|0px|0px|0px&#8221;][et_pb_row custom_padding=&#8221;27px|0px|0px|0px&#8221; _builder_version=&#8221;3.0.47&#8243; background_size=&#8221;initial&#8221; background_position=&#8221;top_left&#8221; background_repeat=&#8221;repeat&#8221;][et_pb_column type=&#8221;4_4&#8243; _builder_version=&#8221;3.0.47&#8243; parallax=&#8221;off&#8221; parallax_method=&#8221;on&#8221;][et_pb_text admin_label=&#8221;Titlu&#8221; _builder_version=&#8221;3.0.99&#8243; text_font_size=&#8221;12px&#8221;]<\/p>\n<h1 style=\"text-align: center;\">Applications school education\u00a0\u00a0<br \/>\u2013 Preparatory Visits 2018 \u2013<\/h1>\n<p>[\/et_pb_text][\/et_pb_column][\/et_pb_row][\/et_pb_section][et_pb_section fb_built=&#8221;1&#8243; _builder_version=&#8221;3.0.47&#8243; custom_padding=&#8221;19px|0px|0px|0px&#8221;][et_pb_row _builder_version=&#8221;3.0.47&#8243; background_size=&#8221;initial&#8221; background_position=&#8221;top_left&#8221; background_repeat=&#8221;repeat&#8221;][et_pb_column type=&#8221;4_4&#8243; _builder_version=&#8221;3.0.47&#8243; parallax=&#8221;off&#8221; parallax_method=&#8221;on&#8221;][et_pb_text background_layout=&#8221;dark&#8221; admin_label=&#8221;Runda&#8221; _builder_version=&#8221;3.0.99&#8243; header_font=&#8221;|||on|||||&#8221; background_color=&#8221;#606060&#8243;]<\/p>\n<h6>Round 8: March 2018<\/h6>\n<p>[\/et_pb_text][et_pb_text admin_label=&#8221;Tabel&#8221; _builder_version=&#8221;3.0.105&#8243; border_color_all=&#8221;#aaaaaa&#8221; box_shadow_style=&#8221;preset1&#8243;]<\/p>\n<table id=\"tablepress-5\" class=\"tablepress tablepress-id-5\" border=\"1\">\n<caption style=\"caption-side: bottom; text-align: left; border: none; background: none; margin: 0; padding: 0;\">\u00a0<\/caption>\n<thead>\n<tr class=\"row-1 odd\">\n<th class=\"column-1\">No.<\/th>\n<th class=\"column-2\">Town<\/th>\n<th class=\"column-3\" style=\"text-align: center;\">Project Promoter<\/th>\n<th class=\"column-4\">Received by the<br \/>Programme Operator on:<\/th>\n<th class=\"column-5\">Reference number<\/th>\n<\/tr>\n<\/thead>\n<tbody class=\"row-hover\">\n<tr class=\"row-2 even\">\n<td class=\"column-1\">1<\/td>\n<td class=\"column-2\">Foc\u015fani<\/td>\n<td class=\"column-3\">Centrul Jude\u0163ean de Resurse \u015fi Asisten\u0163\u0103 <br \/>Educa\u0163ional\u0103 Vrancea<\/td>\n<td class=\"column-4\" style=\"text-align: left;\">01.03.2018<\/td>\n<td class=\"column-5\" style=\"text-align: center;\">EY-PVI-0165<\/td>\n<\/tr>\n<tr class=\"row-3 odd\">\n<td class=\"column-1\"><\/td>\n<td class=\"column-2\"><\/td>\n<td class=\"column-3\"><\/td>\n<td class=\"column-4\" style=\"text-align: center;\"><\/td>\n<td class=\"column-5\" style=\"text-align: center;\"><\/td>\n<\/tr>\n<\/tbody>\n<\/table>\n<p>[\/et_pb_text][et_pb_text admin_label=&#8221;Data actualiz\u0103rii&#8221; _builder_version=&#8221;3.0.99&#8243;]<\/p>\n<p>Updated on: 1 March 2018<\/p>\n<p>[\/et_pb_text][\/et_pb_column][\/et_pb_row][et_pb_row _builder_version=&#8221;3.0.47&#8243; background_size=&#8221;initial&#8221; background_position=&#8221;top_left&#8221; background_repeat=&#8221;repeat&#8221;][et_pb_column type=&#8221;4_4&#8243; _builder_version=&#8221;3.0.47&#8243; parallax=&#8221;off&#8221; parallax_method=&#8221;on&#8221;][et_pb_text background_layout=&#8221;dark&#8221; admin_label=&#8221;Runda&#8221; _builder_version=&#8221;3.0.99&#8243; header_font=&#8221;|||on|||||&#8221; background_color=&#8221;#606060&#8243;]<\/p>\n<h6>Round 7: February 2018<\/h6>\n<p>[\/et_pb_text][et_pb_text admin_label=&#8221;Tabel&#8221; _builder_version=&#8221;3.0.105&#8243; border_color_all=&#8221;#aaaaaa&#8221; box_shadow_style=&#8221;preset1&#8243;]<\/p>\n<table id=\"tablepress-5\" class=\"tablepress tablepress-id-5\" border=\"1\">\n<caption style=\"caption-side: bottom; text-align: left; border: none; background: none; margin: 0; padding: 0;\">\u00a0<\/caption>\n<thead>\n<tr class=\"row-1 odd\">\n<th class=\"column-1\">No.<\/th>\n<th class=\"column-2\">Town<\/th>\n<th class=\"column-3\" style=\"text-align: center;\">Project Promoter<\/th>\n<th class=\"column-4\">Received by the<br \/>Programme Operator on:<\/th>\n<th class=\"column-5\">Reference number<\/th>\n<\/tr>\n<\/thead>\n<tbody class=\"row-hover\">\n<tr class=\"row-2 even\">\n<td class=\"column-1\">1<\/td>\n<td class=\"column-2\">Oslo<\/td>\n<td class=\"column-3\">European Wergeland Centre<\/td>\n<td class=\"column-4\" style=\"text-align: left;\">16.02.2018<\/td>\n<td class=\"column-5\" style=\"text-align: center;\">EY-PVI-0133<\/td>\n<\/tr>\n<tr class=\"row-3 odd\">\n<td class=\"column-1\"><\/td>\n<td class=\"column-2\"><\/td>\n<td class=\"column-3\"><\/td>\n<td class=\"column-4\" style=\"text-align: center;\"><\/td>\n<td class=\"column-5\" style=\"text-align: center;\"><\/td>\n<\/tr>\n<\/tbody>\n<\/table>\n<p>[\/et_pb_text][et_pb_text admin_label=&#8221;Data actualiz\u0103rii&#8221; _builder_version=&#8221;3.0.99&#8243;]Updated on: 16 February 2018<br \/>\n[\/et_pb_text][\/et_pb_column][\/et_pb_row][et_pb_row _builder_version=&#8221;3.0.47&#8243; background_size=&#8221;initial&#8221; background_position=&#8221;top_left&#8221; background_repeat=&#8221;repeat&#8221;][et_pb_column type=&#8221;4_4&#8243; _builder_version=&#8221;3.0.47&#8243; parallax=&#8221;off&#8221; parallax_method=&#8221;on&#8221;][et_pb_text background_layout=&#8221;dark&#8221; admin_label=&#8221;Runda&#8221; _builder_version=&#8221;3.0.99&#8243; header_font=&#8221;|||on|||||&#8221; background_color=&#8221;#606060&#8243;]<\/p>\n<h6>Round 6: February 2018<\/h6>\n<p>[\/et_pb_text][et_pb_text admin_label=&#8221;Tabel&#8221; _builder_version=&#8221;3.0.105&#8243; border_color_all=&#8221;#aaaaaa&#8221; box_shadow_style=&#8221;preset1&#8243;]<\/p>\n<table id=\"tablepress-5\" class=\"tablepress tablepress-id-5\" border=\"1\">\n<caption style=\"caption-side: bottom; text-align: left; border: none; background: none; margin: 0; padding: 0;\">\u00a0<\/caption>\n<thead>\n<tr class=\"row-1 odd\">\n<th class=\"column-1\">No.<\/th>\n<th class=\"column-2\">Town<\/th>\n<th class=\"column-3\" style=\"text-align: center;\">Project Promoter<\/th>\n<th class=\"column-4\">Received by the<br \/>Programme Operator on:<\/th>\n<th class=\"column-5\">Reference number<\/th>\n<\/tr>\n<\/thead>\n<tbody class=\"row-hover\">\n<tr class=\"row-2 even\">\n<td class=\"column-1\">1<\/td>\n<td class=\"column-2\">Focsani<\/td>\n<td class=\"column-3\">Centrul Jude\u0163ean de Resurse \u015fi Asisten\u0163\u0103 Educa\u0163ional\u0103 Vrancea<\/td>\n<td class=\"column-4\" style=\"text-align: center;\">12.02.2018<\/td>\n<td class=\"column-5\" style=\"text-align: center;\">EY-PVI-0114<\/td>\n<\/tr>\n<tr class=\"row-3 odd\">\n<td class=\"column-1\">2<\/td>\n<td class=\"column-2\">Suceava<\/td>\n<td class=\"column-3\">Centrul Jude\u0163ean de Resurse \u015fi Asisten\u0163\u0103 Educa\u0163ional\u0103 Suceava<\/td>\n<td class=\"column-4\" style=\"text-align: center;\">14.02.2018<\/td>\n<td class=\"column-5\" style=\"text-align: center;\">EY-PVI-0129<\/td>\n<\/tr>\n<tr class=\"row-4 even\">\n<td class=\"column-1\"><\/td>\n<td class=\"column-2\"><\/td>\n<td class=\"column-3\"><\/td>\n<td class=\"column-4\" style=\"text-align: center;\"><\/td>\n<td class=\"column-5\" style=\"text-align: center;\"><\/td>\n<\/tr>\n<\/tbody>\n<\/table>\n<p>[\/et_pb_text][et_pb_text admin_label=&#8221;Data actualiz\u0103rii&#8221; _builder_version=&#8221;3.0.99&#8243;]Updated on: 14 February 2018<br \/>\n[\/et_pb_text][\/et_pb_column][\/et_pb_row][\/et_pb_section][et_pb_section fb_built=&#8221;1&#8243; _builder_version=&#8221;3.0.47&#8243; custom_padding=&#8221;19px|0px|54px|0px&#8221;][\/et_pb_section]<\/p>\n","protected":false},"excerpt":{"rendered":"<p>Applications school education\u00a0\u00a0\u2013 Preparatory Visits 2018 \u2013Round 8: March 2018\u00a0 No. Town Project Promoter Received by theProgramme Operator on: Reference number 1 Foc\u015fani Centrul Jude\u0163ean de Resurse \u015fi Asisten\u0163\u0103 Educa\u0163ional\u0103 Vrancea 01.03.2018 EY-PVI-0165 Updated on: 1 March 2018Round 7: February 2018 \u00a0 No. Town Project Promoter Received by theProgramme Operator on: Reference number 1 Oslo [&hellip;]<\/p>\n","protected":false},"author":3,"featured_media":0,"parent":0,"menu_order":0,"comment_status":"closed","ping_status":"closed","template":"","meta":{"_seopress_robots_primary_cat":"","_seopress_titles_title":"","_seopress_titles_desc":"","_seopress_robots_index":"","_et_pb_use_builder":"on","_et_pb_old_content":"[table id=5 \/]","_et_gb_content_width":"","footnotes":""},"class_list":["post-3352","page","type-page","status-publish","hentry"],"_links":{"self":[{"href":"https:\/\/www.eea4edu.ro\/en\/wp-json\/wp\/v2\/pages\/3352","targetHints":{"allow":["GET"]}}],"collection":[{"href":"https:\/\/www.eea4edu.ro\/en\/wp-json\/wp\/v2\/pages"}],"about":[{"href":"https:\/\/www.eea4edu.ro\/en\/wp-json\/wp\/v2\/types\/page"}],"author":[{"embeddable":true,"href":"https:\/\/www.eea4edu.ro\/en\/wp-json\/wp\/v2\/users\/3"}],"replies":[{"embeddable":true,"href":"https:\/\/www.eea4edu.ro\/en\/wp-json\/wp\/v2\/comments?post=3352"}],"version-history":[{"count":5,"href":"https:\/\/www.eea4edu.ro\/en\/wp-json\/wp\/v2\/pages\/3352\/revisions"}],"predecessor-version":[{"id":3507,"href":"https:\/\/www.eea4edu.ro\/en\/wp-json\/wp\/v2\/pages\/3352\/revisions\/3507"}],"wp:attachment":[{"href":"https:\/\/www.eea4edu.ro\/en\/wp-json\/wp\/v2\/media?parent=3352"}],"curies":[{"name":"wp","href":"https:\/\/api.w.org\/{rel}","templated":true}]}}