{"id":16186,"date":"2022-09-15T09:42:34","date_gmt":"2022-09-15T07:42:34","guid":{"rendered":"https:\/\/www.eea4edu.ro\/?page_id=16186"},"modified":"2022-09-15T09:54:52","modified_gmt":"2022-09-15T07:54:52","slug":"apel_he2022-2","status":"publish","type":"page","link":"https:\/\/www.eea4edu.ro\/en\/apel_he2022-2\/","title":{"rendered":"Apel \u2013 \u00eenv\u0103\u0163\u0103m\u00e2ntul universitar 2022"},"content":{"rendered":"<p>[et_pb_section fb_built=&#8221;1&#8243; _builder_version=&#8221;4.16&#8243; custom_padding=&#8221;54px|0px|0px|0px&#8221; global_colors_info=&#8221;{}&#8221;][et_pb_row _builder_version=&#8221;4.16&#8243; background_size=&#8221;initial&#8221; background_position=&#8221;top_left&#8221; background_repeat=&#8221;repeat&#8221; custom_padding=&#8221;27px|0px|0px|0px&#8221; global_colors_info=&#8221;{}&#8221;][et_pb_column type=&#8221;4_4&#8243; _builder_version=&#8221;4.16&#8243; custom_padding=&#8221;|||&#8221; global_colors_info=&#8221;{}&#8221; custom_padding__hover=&#8221;|||&#8221;][et_pb_text admin_label=&#8221;Apel&#8221; _builder_version=&#8221;4.16&#8243; text_font_size=&#8221;12px&#8221; global_colors_info=&#8221;{}&#8221;]<\/p>\n<h1 style=\"text-align: center;\">Call \u2013 Higher Education<\/h1>\n<h1 style=\"text-align: center;\">\u2013 2022 \u2013<\/h1>\n<p>[\/et_pb_text][\/et_pb_column][\/et_pb_row][\/et_pb_section][et_pb_section fb_built=&#8221;1&#8243; _builder_version=&#8221;4.16&#8243; custom_padding=&#8221;0|0px|0px|0px|false|false&#8221; global_colors_info=&#8221;{}&#8221;][et_pb_row _builder_version=&#8221;4.16&#8243; background_size=&#8221;initial&#8221; background_position=&#8221;top_left&#8221; background_repeat=&#8221;repeat&#8221; custom_padding=&#8221;0|0px|0px|0px|false|false&#8221; global_colors_info=&#8221;{}&#8221;][et_pb_column type=&#8221;4_4&#8243; _builder_version=&#8221;4.16&#8243; custom_padding=&#8221;|||&#8221; global_colors_info=&#8221;{}&#8221; custom_padding__hover=&#8221;|||&#8221;][et_pb_text admin_label=&#8221;Runda&#8221; _builder_version=&#8221;4.18.0&#8243; header_font=&#8221;|||on|||||&#8221; background_color=&#8221;#606060&#8243; background_layout=&#8221;dark&#8221; global_colors_info=&#8221;{}&#8221;]<\/p>\n<h6>Mobility projects<\/h6>\n<p>[\/et_pb_text][et_pb_text admin_label=&#8221;Tabel&#8221; _builder_version=&#8221;4.18.0&#8243; hover_enabled=&#8221;0&#8243; border_color_all=&#8221;#aaaaaa&#8221; box_shadow_style=&#8221;preset1&#8243; global_colors_info=&#8221;{}&#8221; sticky_enabled=&#8221;0&#8243;]<\/p>\n<table id=\"tablepress-5\" class=\"tablepress tablepress-id-5\" style=\"width: 1080px;\" border=\"1\">\n<caption style=\"caption-side: bottom; text-align: left; border: none; background: none; margin: 0; padding: 0;\">\u00a0<\/caption>\n<thead>\n<tr class=\"row-1 odd\">\n<th class=\"column-1\" style=\"width: 110px;\">No.<\/th>\n<th class=\"column-2\" style=\"width: 173.569px; text-align: left;\">Language<\/th>\n<th class=\"column-3\" style=\"width: 388.431px; text-align: center;\">\u00a0Document<\/th>\n<th class=\"column-4\" style=\"width: 243px; text-align: center;\">Published by the Programme Operator on:<\/th>\n<\/tr>\n<\/thead>\n<tbody class=\"row-hover\">\n<tr class=\"row-2 even\">\n<td class=\"column-1\" style=\"width: 110px;\">1<\/td>\n<td class=\"column-2\" style=\"width: 173.569px;\">EN<\/td>\n<td class=\"column-3\" style=\"width: 388.431px;\"><a href=\"https:\/\/www.eea4edu.ro\/wp-content\/uploads\/2022\/09\/CALL_MOB_HE_EN_2022.pdf\">Call for Proposals \u2013 Mobility Projects in Higher Education (2022)<\/a><\/td>\n<td class=\"column-4\" style=\"text-align: center; width: 243px;\">15.09.2022<\/td>\n<\/tr>\n<tr class=\"row-3 odd\">\n<td class=\"column-1\" style=\"width: 110px;\"><\/td>\n<td class=\"column-2\" style=\"width: 173.569px;\"><\/td>\n<td class=\"column-3\" style=\"width: 388.431px;\"><\/td>\n<td class=\"column-4\" style=\"text-align: center; width: 243px;\"><\/td>\n<\/tr>\n<\/tbody>\n<\/table>\n<p>[\/et_pb_text][et_pb_text admin_label=&#8221;Data actualiz\u0103rii&#8221; _builder_version=&#8221;4.16&#8243; global_colors_info=&#8221;{}&#8221;][\/et_pb_text][\/et_pb_column][\/et_pb_row][\/et_pb_section][et_pb_section fb_built=&#8221;1&#8243; _builder_version=&#8221;4.16&#8243; custom_padding=&#8221;19px|0px|54px|0px&#8221; global_colors_info=&#8221;{}&#8221;][\/et_pb_section]<\/p>\n","protected":false},"excerpt":{"rendered":"<p>Call \u2013 Higher Education \u2013 2022 \u2013Mobility projects \u00a0 No. Language \u00a0Document Published by the Programme Operator on: 1 EN Call for Proposals \u2013 Mobility Projects in Higher Education (2022) 15.09.2022<\/p>\n","protected":false},"author":3,"featured_media":0,"parent":0,"menu_order":0,"comment_status":"closed","ping_status":"closed","template":"","meta":{"_seopress_robots_primary_cat":"","_seopress_titles_title":"","_seopress_titles_desc":"","_seopress_robots_index":"","_et_pb_use_builder":"on","_et_pb_old_content":"[table id=5 \/]","_et_gb_content_width":"","footnotes":""},"class_list":["post-16186","page","type-page","status-publish","hentry"],"_links":{"self":[{"href":"https:\/\/www.eea4edu.ro\/en\/wp-json\/wp\/v2\/pages\/16186","targetHints":{"allow":["GET"]}}],"collection":[{"href":"https:\/\/www.eea4edu.ro\/en\/wp-json\/wp\/v2\/pages"}],"about":[{"href":"https:\/\/www.eea4edu.ro\/en\/wp-json\/wp\/v2\/types\/page"}],"author":[{"embeddable":true,"href":"https:\/\/www.eea4edu.ro\/en\/wp-json\/wp\/v2\/users\/3"}],"replies":[{"embeddable":true,"href":"https:\/\/www.eea4edu.ro\/en\/wp-json\/wp\/v2\/comments?post=16186"}],"version-history":[{"count":5,"href":"https:\/\/www.eea4edu.ro\/en\/wp-json\/wp\/v2\/pages\/16186\/revisions"}],"predecessor-version":[{"id":16204,"href":"https:\/\/www.eea4edu.ro\/en\/wp-json\/wp\/v2\/pages\/16186\/revisions\/16204"}],"wp:attachment":[{"href":"https:\/\/www.eea4edu.ro\/en\/wp-json\/wp\/v2\/media?parent=16186"}],"curies":[{"name":"wp","href":"https:\/\/api.w.org\/{rel}","templated":true}]}}