{"id":14155,"date":"2021-10-27T12:46:52","date_gmt":"2021-10-27T10:46:52","guid":{"rendered":"https:\/\/www.eea4edu.ro\/?page_id=14155"},"modified":"2021-11-15T10:20:34","modified_gmt":"2021-11-15T08:20:34","slug":"cand_he2021","status":"publish","type":"page","link":"https:\/\/www.eea4edu.ro\/en\/cand_he2021\/","title":{"rendered":"Candidaturi \u00eenv\u0103\u0163\u0103m\u00e2nt universitar &#8211; proiecte de mobilitate 2021"},"content":{"rendered":"<p>[et_pb_section fb_built=&#8221;1&#8243; _builder_version=&#8221;3.22&#8243; custom_padding=&#8221;54px|0px|0px|0px&#8221; global_colors_info=&#8221;{}&#8221;][et_pb_row _builder_version=&#8221;3.25&#8243; background_size=&#8221;initial&#8221; background_position=&#8221;top_left&#8221; background_repeat=&#8221;repeat&#8221; custom_padding=&#8221;27px|0px|0px|0px&#8221; global_colors_info=&#8221;{}&#8221;][et_pb_column type=&#8221;4_4&#8243; _builder_version=&#8221;3.25&#8243; custom_padding=&#8221;|||&#8221; global_colors_info=&#8221;{}&#8221; custom_padding__hover=&#8221;|||&#8221;][et_pb_text admin_label=&#8221;Titlu&#8221; _builder_version=&#8221;4.7.4&#8243; text_font_size=&#8221;12px&#8221; global_colors_info=&#8221;{}&#8221;]<\/p>\n<h1 style=\"text-align: center;\">Applications in Higher Education <br \/>\u2013 2021 \u2013<\/h1>\n<p>[\/et_pb_text][\/et_pb_column][\/et_pb_row][\/et_pb_section][et_pb_section fb_built=&#8221;1&#8243; _builder_version=&#8221;3.22&#8243; custom_padding=&#8221;19px|0px|54px|0px&#8221; global_colors_info=&#8221;{}&#8221;][et_pb_row _builder_version=&#8221;3.25&#8243; background_size=&#8221;initial&#8221; background_position=&#8221;top_left&#8221; background_repeat=&#8221;repeat&#8221; custom_padding=&#8221;5px|0px|27px|0px&#8221; global_colors_info=&#8221;{}&#8221;][et_pb_column type=&#8221;4_4&#8243; _builder_version=&#8221;3.25&#8243; custom_padding=&#8221;|||&#8221; global_colors_info=&#8221;{}&#8221; custom_padding__hover=&#8221;|||&#8221;][et_pb_text admin_label=&#8221;Runda&#8221; _builder_version=&#8221;4.11.2&#8243; text_font=&#8221;||||||||&#8221; header_font=&#8221;|||on|||||&#8221; background_color=&#8221;#606060&#8243; background_layout=&#8221;dark&#8221; global_colors_info=&#8221;{}&#8221;]<\/p>\n<h6>Call 2021 \u2013 Mobility projects<\/h6>\n<p>[\/et_pb_text][et_pb_text admin_label=&#8221;Tabel&#8221; _builder_version=&#8221;4.11.2&#8243; border_color_all=&#8221;#aaaaaa&#8221; box_shadow_style=&#8221;preset1&#8243; global_colors_info=&#8221;{}&#8221;]<\/p>\n<table id=\"tablepress-5\" class=\"tablepress tablepress-id-5\" border=\"1\">\n<caption style=\"caption-side: bottom; text-align: left; border: none; background: none; margin: 0; padding: 0;\"><\/caption>\n<thead>\n<tr class=\"row-1 odd\">\n<th class=\"column-1\">No.<\/th>\n<th class=\"column-2\">City<\/th>\n<th class=\"column-3\" style=\"text-align: center;\">Institution<\/th>\n<th class=\"column-4\" style=\"text-align: center;\">Received <br \/>by the<br \/>PO on<\/th>\n<th class=\"column-5\">Application<br \/>no.:<\/th>\n<th class=\"column-5\" style=\"border-left: medium double;\">Status proiect<\/th>\n<\/tr>\n<\/thead>\n<tbody class=\"row-hover\">\n<tr class=\"row-2 even\">\n<td class=\"column-1\">1<\/td>\n<td class=\"column-2\">Craiova<\/td>\n<td class=\"column-3\">Universitatea din Craiova<\/td>\n<td class=\"column-4\" style=\"text-align: center;\">22.10.2021<\/td>\n<td class=\"column-5\">21-MOB-0015<\/td>\n<td class=\"column-5\" style=\"text-align: center; border-left: medium double;\">Eligible<\/td>\n<\/tr>\n<tr class=\"row-3 odd\">\n<td class=\"column-1\">2<\/td>\n<td class=\"column-2\">Timi\u0219oara<\/td>\n<td class=\"column-3\">Universitatea Politehnica Timisoara<\/td>\n<td class=\"column-4\" style=\"text-align: center;\">22.10.2021<\/td>\n<td class=\"column-5\">21-MOB-0016<\/td>\n<td class=\"column-5\" style=\"text-align: center; border-left: medium double;\">Eligible<\/td>\n<\/tr>\n<tr class=\"row-4 even\">\n<td class=\"column-1\">3<\/td>\n<td class=\"column-2\">Cluj-Napoca<\/td>\n<td class=\"column-3\">Universitatea de Medicina si Farmacie &#8220;Iuliu Hatieganu&#8221;<\/td>\n<td class=\"column-4\" style=\"text-align: center;\">22.10.2021<\/td>\n<td class=\"column-5\">21-MOB-0013<\/td>\n<td class=\"column-5\" style=\"text-align: center; border-left: medium double;\">Eligible<\/td>\n<\/tr>\n<tr class=\"row-5 odd\">\n<td class=\"column-1\">4<\/td>\n<td class=\"column-2\">Cluj-Napoca<\/td>\n<td class=\"column-3\">Universitatea Babes-Bolyai<\/td>\n<td class=\"column-4\" style=\"text-align: center;\">22.10.2021<\/td>\n<td class=\"column-5\">21-MOB-0020<\/td>\n<td class=\"column-5\" style=\"text-align: center; border-left: medium double;\"><span style=\"font-size: small;\">Ineligible &#8211; the project <br \/>was submitted twice<\/span><\/td>\n<\/tr>\n<tr class=\"row-5 odd\">\n<td class=\"column-1\">5<\/td>\n<td class=\"column-2\">Bucure\u0219ti<\/td>\n<td class=\"column-3\">Universitatea din Bucure\u0219ti<\/td>\n<td class=\"column-4\" style=\"text-align: center;\">24.10.2021<\/td>\n<td class=\"column-5\">21-MOB-0014<\/td>\n<td class=\"column-5\" style=\"text-align: center; border-left: medium double;\">Eligible<\/td>\n<\/tr>\n<tr class=\"row-5 odd\">\n<td class=\"column-1\">6<\/td>\n<td class=\"column-2\">Ia\u0219i<\/td>\n<td class=\"column-3\">Universitatea Tehnica &#8220;Gheorghe Asachi&#8221;<\/td>\n<td class=\"column-4\" style=\"text-align: center;\">25.10.2021<\/td>\n<td class=\"column-5\">21-MOB-0019<\/td>\n<td class=\"column-5\" style=\"text-align: center; border-left: medium double;\">Eligible<\/td>\n<\/tr>\n<tr class=\"row-5 odd\">\n<td class=\"column-1\">7<\/td>\n<td class=\"column-2\">Bucure\u0219ti<\/td>\n<td class=\"column-3\">Universitatea Politehnica<\/td>\n<td class=\"column-4\" style=\"text-align: center;\">25.10.2021<\/td>\n<td class=\"column-5\">21-MOB-0023<\/td>\n<td class=\"column-5\" style=\"text-align: center; border-left: medium double;\">Eligible<\/td>\n<\/tr>\n<tr class=\"row-5 odd\">\n<td class=\"column-1\">8<\/td>\n<td class=\"column-2\">Ia\u0219i<\/td>\n<td class=\"column-3\">Universitatea \u201eAlexandru Ioan Cuza\u201c\u009d<\/td>\n<td class=\"column-4\" style=\"text-align: center;\">25.10.2021<\/td>\n<td class=\"column-5\">21-MOB-0011<\/td>\n<td class=\"column-5\" style=\"text-align: center; border-left: medium double;\">Eligible<\/td>\n<\/tr>\n<tr class=\"row-5 odd\">\n<td class=\"column-1\">9<\/td>\n<td class=\"column-2\">Sibiu<\/td>\n<td class=\"column-3\">Universitatea &#8220;Lucian Blaga&#8221;<\/td>\n<td class=\"column-4\" style=\"text-align: center;\">25.10.2021<\/td>\n<td class=\"column-5\">21-MOB-0021<\/td>\n<td class=\"column-5\" style=\"text-align: center; border-left: medium double;\">Eligible<\/td>\n<\/tr>\n<tr class=\"row-5 odd\">\n<td class=\"column-1\">10<\/td>\n<td class=\"column-2\">Cluj-Napoca<\/td>\n<td class=\"column-3\">Universitatea Sapientia<\/td>\n<td class=\"column-4\" style=\"text-align: center;\">25.10.2021<\/td>\n<td class=\"column-5\">21-MOB-0009<\/td>\n<td class=\"column-5\" style=\"text-align: center; border-left: medium double;\">Eligible<\/td>\n<\/tr>\n<tr class=\"row-5 odd\">\n<td class=\"column-1\">11<\/td>\n<td class=\"column-2\">Cluj-Napoca<\/td>\n<td class=\"column-3\">Universitatea Babes-Bolyai<\/td>\n<td class=\"column-4\" style=\"text-align: center;\">25.10.2021<\/td>\n<td class=\"column-5\">21-MOB-0017<\/td>\n<td class=\"column-5\" style=\"text-align: center; border-left: medium double;\">Eligible<\/td>\n<\/tr>\n<tr class=\"row-5 odd\">\n<td colspan=\"3\"><em>Publicat pe 27.10.2021<\/em><\/td>\n<td class=\"column-4\" style=\"text-align: center;\"><\/td>\n<td class=\"column-5\"><\/td>\n<td class=\"column-5\" style=\"text-align: center; border-left: medium double;\"><span style=\"font-size: small;\"><em>Updated on 12 Nov 2021<\/em><\/span><\/td>\n<\/tr>\n<\/tbody>\n<\/table>\n<p>[\/et_pb_text][et_pb_text admin_label=&#8221;Data actualiz\u0103rii&#8221; _builder_version=&#8221;4.11.2&#8243; global_colors_info=&#8221;{}&#8221;][\/et_pb_text][\/et_pb_column][\/et_pb_row][\/et_pb_section]<\/p>\n","protected":false},"excerpt":{"rendered":"<p>Applications in Higher Education \u2013 2021 \u2013Call 2021 \u2013 Mobility projects No. City Institution Received by thePO on Applicationno.: Status proiect 1 Craiova Universitatea din Craiova 22.10.2021 21-MOB-0015 Eligible 2 Timi\u0219oara Universitatea Politehnica Timisoara 22.10.2021 21-MOB-0016 Eligible 3 Cluj-Napoca Universitatea de Medicina si Farmacie &#8220;Iuliu Hatieganu&#8221; 22.10.2021 21-MOB-0013 Eligible 4 Cluj-Napoca Universitatea Babes-Bolyai 22.10.2021 21-MOB-0020 [&hellip;]<\/p>\n","protected":false},"author":3,"featured_media":0,"parent":0,"menu_order":0,"comment_status":"closed","ping_status":"closed","template":"","meta":{"_seopress_robots_primary_cat":"","_seopress_titles_title":"","_seopress_titles_desc":"","_seopress_robots_index":"","_et_pb_use_builder":"on","_et_pb_old_content":"[table id=5 \/]","_et_gb_content_width":"","footnotes":""},"class_list":["post-14155","page","type-page","status-publish","hentry"],"_links":{"self":[{"href":"https:\/\/www.eea4edu.ro\/en\/wp-json\/wp\/v2\/pages\/14155","targetHints":{"allow":["GET"]}}],"collection":[{"href":"https:\/\/www.eea4edu.ro\/en\/wp-json\/wp\/v2\/pages"}],"about":[{"href":"https:\/\/www.eea4edu.ro\/en\/wp-json\/wp\/v2\/types\/page"}],"author":[{"embeddable":true,"href":"https:\/\/www.eea4edu.ro\/en\/wp-json\/wp\/v2\/users\/3"}],"replies":[{"embeddable":true,"href":"https:\/\/www.eea4edu.ro\/en\/wp-json\/wp\/v2\/comments?post=14155"}],"version-history":[{"count":5,"href":"https:\/\/www.eea4edu.ro\/en\/wp-json\/wp\/v2\/pages\/14155\/revisions"}],"predecessor-version":[{"id":14270,"href":"https:\/\/www.eea4edu.ro\/en\/wp-json\/wp\/v2\/pages\/14155\/revisions\/14270"}],"wp:attachment":[{"href":"https:\/\/www.eea4edu.ro\/en\/wp-json\/wp\/v2\/media?parent=14155"}],"curies":[{"name":"wp","href":"https:\/\/api.w.org\/{rel}","templated":true}]}}